{"id":3566,"date":"2024-06-21T14:05:07","date_gmt":"2024-06-21T14:05:07","guid":{"rendered":"https:\/\/advanis.net\/?page_id=3566"},"modified":"2025-03-07T16:55:36","modified_gmt":"2025-03-07T16:55:36","slug":"notre-equipe-senior","status":"publish","type":"page","link":"https:\/\/advanis.net\/fr\/notre-equipe-senior\/","title":{"rendered":"Notre \u00e9quipe senior"},"content":{"rendered":"\t\t<div data-elementor-type=\"wp-page\" data-elementor-id=\"3566\" class=\"elementor elementor-3566 elementor-3191\" data-elementor-post-type=\"page\">\n\t\t\t\t\t\t<section class=\"elementor-section elementor-top-section elementor-element elementor-element-1442d54 elementor-section-boxed elementor-section-height-default elementor-section-height-default\" data-id=\"1442d54\" data-element_type=\"section\">\n\t\t\t\t\t\t<div class=\"elementor-container elementor-column-gap-default\">\n\t\t\t\t\t<div class=\"elementor-column elementor-col-50 elementor-top-column elementor-element elementor-element-3d179cc\" data-id=\"3d179cc\" data-element_type=\"column\">\n\t\t\t<div class=\"elementor-widget-wrap elementor-element-populated\">\n\t\t\t\t\t\t<div class=\"elementor-element elementor-element-9fd6294 elementor-widget elementor-widget-image\" data-id=\"9fd6294\" data-element_type=\"widget\" data-widget_type=\"image.default\">\n\t\t\t\t<div class=\"elementor-widget-container\">\n\t\t\t\t\t\t\t\t\t\t\t\t\t\t\t<img fetchpriority=\"high\" decoding=\"async\" width=\"800\" height=\"534\" src=\"https:\/\/advanis.net\/wp-content\/uploads\/2024\/01\/pexels-fauxels-3182812-1024x683.jpg\" class=\"attachment-large size-large wp-image-3328\" alt=\"\" srcset=\"https:\/\/advanis.net\/wp-content\/uploads\/2024\/01\/pexels-fauxels-3182812-1024x683.jpg 1024w, https:\/\/advanis.net\/wp-content\/uploads\/2024\/01\/pexels-fauxels-3182812-300x200.jpg 300w, https:\/\/advanis.net\/wp-content\/uploads\/2024\/01\/pexels-fauxels-3182812-768x512.jpg 768w, https:\/\/advanis.net\/wp-content\/uploads\/2024\/01\/pexels-fauxels-3182812-1536x1024.jpg 1536w, https:\/\/advanis.net\/wp-content\/uploads\/2024\/01\/pexels-fauxels-3182812-2048x1365.jpg 2048w\" sizes=\"(max-width: 800px) 100vw, 800px\" title=\"\">\t\t\t\t\t\t\t\t\t\t\t\t\t\t\t<\/div>\n\t\t\t\t<\/div>\n\t\t\t\t\t<\/div>\n\t\t<\/div>\n\t\t\t\t<div class=\"elementor-column elementor-col-50 elementor-top-column elementor-element elementor-element-b925cc6\" data-id=\"b925cc6\" data-element_type=\"column\">\n\t\t\t<div class=\"elementor-widget-wrap elementor-element-populated\">\n\t\t\t\t\t\t<div class=\"elementor-element elementor-element-5f7d193 elementor-headline--style-highlight elementor-widget elementor-widget-animated-headline\" data-id=\"5f7d193\" data-element_type=\"widget\" data-settings=\"{&quot;marker&quot;:&quot;underline&quot;,&quot;highlighted_text&quot;:&quot;Notre \\u00e9quipe&quot;,&quot;headline_style&quot;:&quot;highlight&quot;,&quot;loop&quot;:&quot;yes&quot;,&quot;highlight_animation_duration&quot;:1200,&quot;highlight_iteration_delay&quot;:8000}\" data-widget_type=\"animated-headline.default\">\n\t\t\t\t<div class=\"elementor-widget-container\">\n\t\t\t\t\t\t\t<h1 class=\"elementor-headline\">\n\t\t\t\t<span class=\"elementor-headline-dynamic-wrapper elementor-headline-text-wrapper\">\n\t\t\t\t\t<span class=\"elementor-headline-dynamic-text elementor-headline-text-active\">Notre \u00e9quipe<\/span>\n\t\t\t\t<\/span>\n\t\t\t\t<\/h1>\n\t\t\t\t\t\t<\/div>\n\t\t\t\t<\/div>\n\t\t\t\t<div class=\"elementor-element elementor-element-c169556 elementor-widget elementor-widget-text-editor\" data-id=\"c169556\" data-element_type=\"widget\" data-widget_type=\"text-editor.default\">\n\t\t\t\t<div class=\"elementor-widget-container\">\n\t\t\t\t\t\t\t\t\t<p><strong><span style=\"color: #073763; font-family: arial, sans-serif;\">Notre \u00e9quipe apporte des perspectives, des comp\u00e9tences et des exp\u00e9riences uniques aux mandats que nous r\u00e9alisons. Nous partageons une curiosit\u00e9 pour le comportement humain et une passion pour la r\u00e9solution de probl\u00e8mes.<\/span><\/strong><\/p>\n\t\t\t\t\t\t\t\t<\/div>\n\t\t\t\t<\/div>\n\t\t\t\t\t<\/div>\n\t\t<\/div>\n\t\t\t\t\t<\/div>\n\t\t<\/section>\n\t\t\t\t<section class=\"elementor-section elementor-top-section elementor-element elementor-element-7607234 elementor-section-boxed elementor-section-height-default elementor-section-height-default\" data-id=\"7607234\" data-element_type=\"section\" data-settings=\"{&quot;background_background&quot;:&quot;classic&quot;}\">\n\t\t\t\t\t\t<div class=\"elementor-container elementor-column-gap-default\">\n\t\t\t\t\t<div class=\"elementor-column elementor-col-100 elementor-top-column elementor-element elementor-element-a7693b5\" data-id=\"a7693b5\" data-element_type=\"column\" data-settings=\"{&quot;background_background&quot;:&quot;classic&quot;}\">\n\t\t\t<div class=\"elementor-widget-wrap elementor-element-populated\">\n\t\t\t\t\t<div class=\"elementor-background-overlay\"><\/div>\n\t\t\t\t\t\t<div class=\"elementor-element elementor-element-1e46394 elementor-widget elementor-widget-heading\" data-id=\"1e46394\" data-element_type=\"widget\" data-widget_type=\"heading.default\">\n\t\t\t\t<div class=\"elementor-widget-container\">\n\t\t\t\t\t<h2 class=\"elementor-heading-title elementor-size-xl\">Quelques faits sur nous :<\/h2>\t\t\t\t<\/div>\n\t\t\t\t<\/div>\n\t\t\t\t<div class=\"elementor-element elementor-element-cf64b2b elementor-widget-divider--view-line elementor-widget elementor-widget-divider\" data-id=\"cf64b2b\" data-element_type=\"widget\" data-widget_type=\"divider.default\">\n\t\t\t\t<div class=\"elementor-widget-container\">\n\t\t\t\t\t\t\t<div class=\"elementor-divider\">\n\t\t\t<span class=\"elementor-divider-separator\">\n\t\t\t\t\t\t<\/span>\n\t\t<\/div>\n\t\t\t\t\t\t<\/div>\n\t\t\t\t<\/div>\n\t\t\t\t<section class=\"elementor-section elementor-inner-section elementor-element elementor-element-af50308 elementor-section-boxed elementor-section-height-default elementor-section-height-default\" data-id=\"af50308\" data-element_type=\"section\">\n\t\t\t\t\t\t<div class=\"elementor-container elementor-column-gap-default\">\n\t\t\t\t\t<div class=\"elementor-column elementor-col-25 elementor-inner-column elementor-element elementor-element-70d2bd8\" data-id=\"70d2bd8\" data-element_type=\"column\">\n\t\t\t<div class=\"elementor-widget-wrap elementor-element-populated\">\n\t\t\t\t\t\t<div class=\"elementor-element elementor-element-819f90d elementor-widget elementor-widget-counter\" data-id=\"819f90d\" data-element_type=\"widget\" data-widget_type=\"counter.default\">\n\t\t\t\t<div class=\"elementor-widget-container\">\n\t\t\t\t\t\t\t<div class=\"elementor-counter\">\n\t\t\t\t\t\t<div class=\"elementor-counter-number-wrapper\">\n\t\t\t\t<span class=\"elementor-counter-number-prefix\"><\/span>\n\t\t\t\t<span class=\"elementor-counter-number\" data-duration=\"2000\" data-to-value=\"670\" data-from-value=\"0\" data-delimiter=\",\">0<\/span>\n\t\t\t\t<span class=\"elementor-counter-number-suffix\">+<\/span>\n\t\t\t<\/div>\n\t\t<\/div>\n\t\t\t\t\t\t<\/div>\n\t\t\t\t<\/div>\n\t\t\t\t<div class=\"elementor-element elementor-element-4d53f57 elementor-widget elementor-widget-text-editor\" data-id=\"4d53f57\" data-element_type=\"widget\" data-widget_type=\"text-editor.default\">\n\t\t\t\t<div class=\"elementor-widget-container\">\n\t\t\t\t\t\t\t\t\t<p>C\u2019est le nombre d\u2019ann\u00e9es d\u2019exp\u00e9rience combin\u00e9es de nos coll\u00e8gues dans l&rsquo;industrie des \u00e9tudes de march\u00e9.<\/p>\n\t\t\t\t\t\t\t\t<\/div>\n\t\t\t\t<\/div>\n\t\t\t\t\t<\/div>\n\t\t<\/div>\n\t\t\t\t<div class=\"elementor-column elementor-col-25 elementor-inner-column elementor-element elementor-element-7514a16\" data-id=\"7514a16\" data-element_type=\"column\">\n\t\t\t<div class=\"elementor-widget-wrap elementor-element-populated\">\n\t\t\t\t\t\t<div class=\"elementor-element elementor-element-eec5682 elementor-widget elementor-widget-counter\" data-id=\"eec5682\" data-element_type=\"widget\" data-widget_type=\"counter.default\">\n\t\t\t\t<div class=\"elementor-widget-container\">\n\t\t\t\t\t\t\t<div class=\"elementor-counter\">\n\t\t\t\t\t\t<div class=\"elementor-counter-number-wrapper\">\n\t\t\t\t<span class=\"elementor-counter-number-prefix\"><\/span>\n\t\t\t\t<span class=\"elementor-counter-number\" data-duration=\"2000\" data-to-value=\"13\" data-from-value=\"0\" data-delimiter=\",\">0<\/span>\n\t\t\t\t<span class=\"elementor-counter-number-suffix\">+<\/span>\n\t\t\t<\/div>\n\t\t<\/div>\n\t\t\t\t\t\t<\/div>\n\t\t\t\t<\/div>\n\t\t\t\t<div class=\"elementor-element elementor-element-7c14cdc elementor-widget elementor-widget-text-editor\" data-id=\"7c14cdc\" data-element_type=\"widget\" data-widget_type=\"text-editor.default\">\n\t\t\t\t<div class=\"elementor-widget-container\">\n\t\t\t\t\t\t\t\t\t<p>C\u2019est le nombre de coll\u00e8gues titulaires d\u2019une ma\u00eetrise ou d\u2019un doctorat.<\/p>\n\t\t\t\t\t\t\t\t<\/div>\n\t\t\t\t<\/div>\n\t\t\t\t\t<\/div>\n\t\t<\/div>\n\t\t\t\t<div class=\"elementor-column elementor-col-25 elementor-inner-column elementor-element elementor-element-d13d74a\" data-id=\"d13d74a\" data-element_type=\"column\">\n\t\t\t<div class=\"elementor-widget-wrap elementor-element-populated\">\n\t\t\t\t\t\t<div class=\"elementor-element elementor-element-5bae82e elementor-widget elementor-widget-counter\" data-id=\"5bae82e\" data-element_type=\"widget\" data-widget_type=\"counter.default\">\n\t\t\t\t<div class=\"elementor-widget-container\">\n\t\t\t\t\t\t\t<div class=\"elementor-counter\">\n\t\t\t\t\t\t<div class=\"elementor-counter-number-wrapper\">\n\t\t\t\t<span class=\"elementor-counter-number-prefix\"><\/span>\n\t\t\t\t<span class=\"elementor-counter-number\" data-duration=\"2000\" data-to-value=\"15\" data-from-value=\"0\" data-delimiter=\",\">0<\/span>\n\t\t\t\t<span class=\"elementor-counter-number-suffix\">+<\/span>\n\t\t\t<\/div>\n\t\t<\/div>\n\t\t\t\t\t\t<\/div>\n\t\t\t\t<\/div>\n\t\t\t\t<div class=\"elementor-element elementor-element-fd9a7ee elementor-widget elementor-widget-text-editor\" data-id=\"fd9a7ee\" data-element_type=\"widget\" data-widget_type=\"text-editor.default\">\n\t\t\t\t<div class=\"elementor-widget-container\">\n\t\t\t\t\t\t\t\t\t<p><span style=\"color: #073763; font-family: arial, sans-serif;\">C\u2019est le nombre de langues parl\u00e9es par notre \u00e9quipe. Nos recherches s&rsquo;\u00e9tendent souvent \u00e0 plusieurs langues et pays.<\/span><\/p>\n\t\t\t\t\t\t\t\t<\/div>\n\t\t\t\t<\/div>\n\t\t\t\t\t<\/div>\n\t\t<\/div>\n\t\t\t\t<div class=\"elementor-column elementor-col-25 elementor-inner-column elementor-element elementor-element-b0581d6\" data-id=\"b0581d6\" data-element_type=\"column\">\n\t\t\t<div class=\"elementor-widget-wrap elementor-element-populated\">\n\t\t\t\t\t\t<div class=\"elementor-element elementor-element-97d8d5b elementor-widget elementor-widget-counter\" data-id=\"97d8d5b\" data-element_type=\"widget\" data-widget_type=\"counter.default\">\n\t\t\t\t<div class=\"elementor-widget-container\">\n\t\t\t\t\t\t\t<div class=\"elementor-counter\">\n\t\t\t\t\t\t<div class=\"elementor-counter-number-wrapper\">\n\t\t\t\t<span class=\"elementor-counter-number-prefix\"><\/span>\n\t\t\t\t<span class=\"elementor-counter-number\" data-duration=\"2000\" data-to-value=\"75\" data-from-value=\"0\" data-delimiter=\",\">0<\/span>\n\t\t\t\t<span class=\"elementor-counter-number-suffix\">+<\/span>\n\t\t\t<\/div>\n\t\t<\/div>\n\t\t\t\t\t\t<\/div>\n\t\t\t\t<\/div>\n\t\t\t\t<div class=\"elementor-element elementor-element-0065f49 elementor-widget elementor-widget-text-editor\" data-id=\"0065f49\" data-element_type=\"widget\" data-widget_type=\"text-editor.default\">\n\t\t\t\t<div class=\"elementor-widget-container\">\n\t\t\t\t\t\t\t\t\t<p>C\u2019est le nombre de pays que notre \u00e9quipe a explor\u00e9s. Ce qui apporte une exp\u00e9rience mondiale \u00e0 notre travail.<\/p>\n\t\t\t\t\t\t\t\t<\/div>\n\t\t\t\t<\/div>\n\t\t\t\t\t<\/div>\n\t\t<\/div>\n\t\t\t\t\t<\/div>\n\t\t<\/section>\n\t\t\t\t\t<\/div>\n\t\t<\/div>\n\t\t\t\t\t<\/div>\n\t\t<\/section>\n\t\t\t\t<section class=\"elementor-section elementor-top-section elementor-element elementor-element-1d6e5f5 elementor-section-boxed elementor-section-height-default elementor-section-height-default\" data-id=\"1d6e5f5\" data-element_type=\"section\">\n\t\t\t\t\t\t<div class=\"elementor-container elementor-column-gap-default\">\n\t\t\t\t\t<div class=\"elementor-column elementor-col-100 elementor-top-column elementor-element elementor-element-1f5a0dd\" data-id=\"1f5a0dd\" data-element_type=\"column\">\n\t\t\t<div class=\"elementor-widget-wrap elementor-element-populated\">\n\t\t\t\t\t\t<div class=\"elementor-element elementor-element-3ed321b elementor-widget__width-initial elementor-grid-3 elementor-grid-tablet-2 elementor-grid-mobile-1 elementor-posts--thumbnail-top elementor-card-shadow-yes elementor-posts__hover-gradient elementor-widget elementor-widget-posts\" data-id=\"3ed321b\" data-element_type=\"widget\" data-settings=\"{&quot;cards_columns&quot;:&quot;3&quot;,&quot;cards_columns_tablet&quot;:&quot;2&quot;,&quot;cards_columns_mobile&quot;:&quot;1&quot;,&quot;cards_row_gap&quot;:{&quot;unit&quot;:&quot;px&quot;,&quot;size&quot;:35,&quot;sizes&quot;:[]},&quot;cards_row_gap_tablet&quot;:{&quot;unit&quot;:&quot;px&quot;,&quot;size&quot;:&quot;&quot;,&quot;sizes&quot;:[]},&quot;cards_row_gap_mobile&quot;:{&quot;unit&quot;:&quot;px&quot;,&quot;size&quot;:&quot;&quot;,&quot;sizes&quot;:[]}}\" data-widget_type=\"posts.cards\">\n\t\t\t\t<div class=\"elementor-widget-container\">\n\t\t\t\t\t\t\t<div class=\"elementor-posts-container elementor-posts elementor-posts--skin-cards elementor-grid\" role=\"list\">\n\t\t\t\t<article class=\"elementor-post elementor-grid-item post-3537 other-team-members type-other-team-members status-publish has-post-thumbnail hentry\" role=\"listitem\">\n\t\t\t<div class=\"elementor-post__card\">\n\t\t\t\t<a class=\"elementor-post__thumbnail__link\" href=\"https:\/\/advanis.net\/fr\/other-team-members\/alia-stoutley\/\" tabindex=\"-1\" target=\"_blank\"><div class=\"elementor-post__thumbnail\"><img decoding=\"async\" width=\"512\" height=\"640\" src=\"https:\/\/advanis.net\/wp-content\/uploads\/2024\/01\/Alia.jpg\" class=\"attachment-medium_large size-medium_large wp-image-3194\" alt=\"Alia smiling.\" srcset=\"https:\/\/advanis.net\/wp-content\/uploads\/2024\/01\/Alia.jpg 512w, https:\/\/advanis.net\/wp-content\/uploads\/2024\/01\/Alia-240x300.jpg 240w\" sizes=\"(max-width: 512px) 100vw, 512px\" title=\"\"><\/div><\/a>\n\t\t\t\t<div class=\"elementor-post__text\">\n\t\t\t\t<h3 class=\"elementor-post__title\">\n\t\t\t<a href=\"https:\/\/advanis.net\/fr\/other-team-members\/alia-stoutley\/\" target=&quot;_blank&quot;>\n\t\t\t\tAlia Stoutley\t\t\t<\/a>\n\t\t<\/h3>\n\t\t\t\t<div class=\"elementor-post__excerpt\">\n\t\t\t<p>Chez Advanis, Alia se concentre sur l&rsquo;am\u00e9lioration des processus, la gestion de projets et le recrutement d&rsquo;\u00e9quipes. C&rsquo;est dans cet esprit qu&rsquo;elle aborde les changements<\/p>\n\t\t<\/div>\n\t\t\t\t\t<div class=\"elementor-post__read-more-wrapper\">\n\t\t\n\t\t<a class=\"elementor-post__read-more\" href=\"https:\/\/advanis.net\/fr\/other-team-members\/alia-stoutley\/\" aria-label=\"En savoir plus sur Alia Stoutley\" tabindex=\"-1\" target=\"_blank\">\n\t\t\tEn Savoir Plus \u00bb\t\t<\/a>\n\n\t\t\t\t\t<\/div>\n\t\t\t\t<\/div>\n\t\t\t\t\t<\/div>\n\t\t<\/article>\n\t\t\t\t<article class=\"elementor-post elementor-grid-item post-3540 other-team-members type-other-team-members status-publish has-post-thumbnail hentry\" role=\"listitem\">\n\t\t\t<div class=\"elementor-post__card\">\n\t\t\t\t<a class=\"elementor-post__thumbnail__link\" href=\"https:\/\/advanis.net\/fr\/other-team-members\/brian-caveny\/\" tabindex=\"-1\" target=\"_blank\"><div class=\"elementor-post__thumbnail\"><img decoding=\"async\" width=\"402\" height=\"512\" src=\"https:\/\/advanis.net\/wp-content\/uploads\/2024\/01\/Brian.jpg\" class=\"attachment-medium_large size-medium_large wp-image-3291\" alt=\"Headshot of Brian\" srcset=\"https:\/\/advanis.net\/wp-content\/uploads\/2024\/01\/Brian.jpg 402w, https:\/\/advanis.net\/wp-content\/uploads\/2024\/01\/Brian-236x300.jpg 236w\" sizes=\"(max-width: 402px) 100vw, 402px\" title=\"\"><\/div><\/a>\n\t\t\t\t<div class=\"elementor-post__text\">\n\t\t\t\t<h3 class=\"elementor-post__title\">\n\t\t\t<a href=\"https:\/\/advanis.net\/fr\/other-team-members\/brian-caveny\/\" target=&quot;_blank&quot;>\n\t\t\t\tBrian Caveny\t\t\t<\/a>\n\t\t<\/h3>\n\t\t\t\t<div class=\"elementor-post__excerpt\">\n\t\t\t<p>Brian adore cr\u00e9er des outils qui permettent d&rsquo;extraire le maximum d&rsquo;informations de nos donn\u00e9es, tout en les s\u00e9curisant. Il est titulaire d&rsquo;un dipl\u00f4me d&rsquo;ing\u00e9nieur en<\/p>\n\t\t<\/div>\n\t\t\t\t\t<div class=\"elementor-post__read-more-wrapper\">\n\t\t\n\t\t<a class=\"elementor-post__read-more\" href=\"https:\/\/advanis.net\/fr\/other-team-members\/brian-caveny\/\" aria-label=\"En savoir plus sur Brian Caveny\" tabindex=\"-1\" target=\"_blank\">\n\t\t\tEn Savoir Plus \u00bb\t\t<\/a>\n\n\t\t\t\t\t<\/div>\n\t\t\t\t<\/div>\n\t\t\t\t\t<\/div>\n\t\t<\/article>\n\t\t\t\t<article class=\"elementor-post elementor-grid-item post-3539 other-team-members type-other-team-members status-publish has-post-thumbnail hentry\" role=\"listitem\">\n\t\t\t<div class=\"elementor-post__card\">\n\t\t\t\t<a class=\"elementor-post__thumbnail__link\" href=\"https:\/\/advanis.net\/fr\/other-team-members\/bh-pieterse\/\" tabindex=\"-1\" target=\"_blank\"><div class=\"elementor-post__thumbnail\"><img loading=\"lazy\" decoding=\"async\" width=\"429\" height=\"512\" src=\"https:\/\/advanis.net\/wp-content\/uploads\/2024\/01\/BH.jpg\" class=\"attachment-medium_large size-medium_large wp-image-3265\" alt=\"Headshot\" srcset=\"https:\/\/advanis.net\/wp-content\/uploads\/2024\/01\/BH.jpg 429w, https:\/\/advanis.net\/wp-content\/uploads\/2024\/01\/BH-251x300.jpg 251w\" sizes=\"(max-width: 429px) 100vw, 429px\" title=\"\"><\/div><\/a>\n\t\t\t\t<div class=\"elementor-post__text\">\n\t\t\t\t<h3 class=\"elementor-post__title\">\n\t\t\t<a href=\"https:\/\/advanis.net\/fr\/other-team-members\/bh-pieterse\/\" target=&quot;_blank&quot;>\n\t\t\t\tBH Pieterse\t\t\t<\/a>\n\t\t<\/h3>\n\t\t\t\t<div class=\"elementor-post__excerpt\">\n\t\t\t<p>BH est convaincu que la qualit\u00e9 des d\u00e9cisions que l&rsquo;on prend d\u00e9pend de celle des informations sur lesquelles elles se fondent, et il a \u00e0<\/p>\n\t\t<\/div>\n\t\t\t\t\t<div class=\"elementor-post__read-more-wrapper\">\n\t\t\n\t\t<a class=\"elementor-post__read-more\" href=\"https:\/\/advanis.net\/fr\/other-team-members\/bh-pieterse\/\" aria-label=\"En savoir plus sur BH Pieterse\" tabindex=\"-1\" target=\"_blank\">\n\t\t\tEn Savoir Plus \u00bb\t\t<\/a>\n\n\t\t\t\t\t<\/div>\n\t\t\t\t<\/div>\n\t\t\t\t\t<\/div>\n\t\t<\/article>\n\t\t\t\t<article class=\"elementor-post elementor-grid-item post-3541 other-team-members type-other-team-members status-publish has-post-thumbnail hentry\" role=\"listitem\">\n\t\t\t<div class=\"elementor-post__card\">\n\t\t\t\t<a class=\"elementor-post__thumbnail__link\" href=\"https:\/\/advanis.net\/fr\/other-team-members\/diane-holland\/\" tabindex=\"-1\" target=\"_blank\"><div class=\"elementor-post__thumbnail\"><img loading=\"lazy\" decoding=\"async\" width=\"406\" height=\"406\" src=\"https:\/\/advanis.net\/wp-content\/uploads\/2024\/01\/Diane.jpg\" class=\"attachment-medium_large size-medium_large wp-image-3529\" alt=\"Diane\" srcset=\"https:\/\/advanis.net\/wp-content\/uploads\/2024\/01\/Diane.jpg 406w, https:\/\/advanis.net\/wp-content\/uploads\/2024\/01\/Diane-300x300.jpg 300w, https:\/\/advanis.net\/wp-content\/uploads\/2024\/01\/Diane-150x150.jpg 150w\" sizes=\"(max-width: 406px) 100vw, 406px\" title=\"\"><\/div><\/a>\n\t\t\t\t<div class=\"elementor-post__text\">\n\t\t\t\t<h3 class=\"elementor-post__title\">\n\t\t\t<a href=\"https:\/\/advanis.net\/fr\/other-team-members\/diane-holland\/\" target=&quot;_blank&quot;>\n\t\t\t\tDiane Holland\t\t\t<\/a>\n\t\t<\/h3>\n\t\t\t\t<div class=\"elementor-post__excerpt\">\n\t\t\t<p>Diane aime r\u00e9soudre les probl\u00e8mes li\u00e9s \u00e0 la gestion de projets et \u00e0 la collecte de donn\u00e9es complexes dans le cadre de projets de recherche.<\/p>\n\t\t<\/div>\n\t\t\t\t\t<div class=\"elementor-post__read-more-wrapper\">\n\t\t\n\t\t<a class=\"elementor-post__read-more\" href=\"https:\/\/advanis.net\/fr\/other-team-members\/diane-holland\/\" aria-label=\"En savoir plus sur Diane Holland\" tabindex=\"-1\" target=\"_blank\">\n\t\t\tEn Savoir Plus \u00bb\t\t<\/a>\n\n\t\t\t\t\t<\/div>\n\t\t\t\t<\/div>\n\t\t\t\t\t<\/div>\n\t\t<\/article>\n\t\t\t\t<article class=\"elementor-post elementor-grid-item post-3542 other-team-members type-other-team-members status-publish has-post-thumbnail hentry\" role=\"listitem\">\n\t\t\t<div class=\"elementor-post__card\">\n\t\t\t\t<a class=\"elementor-post__thumbnail__link\" href=\"https:\/\/advanis.net\/fr\/other-team-members\/dominic-pelletier\/\" tabindex=\"-1\" target=\"_blank\"><div class=\"elementor-post__thumbnail\"><img loading=\"lazy\" decoding=\"async\" width=\"384\" height=\"512\" src=\"https:\/\/advanis.net\/wp-content\/uploads\/2024\/01\/Dominic.png\" class=\"attachment-medium_large size-medium_large wp-image-3277\" alt=\"Headshot of Dominic\" srcset=\"https:\/\/advanis.net\/wp-content\/uploads\/2024\/01\/Dominic.png 384w, https:\/\/advanis.net\/wp-content\/uploads\/2024\/01\/Dominic-225x300.png 225w\" sizes=\"(max-width: 384px) 100vw, 384px\" title=\"\"><\/div><\/a>\n\t\t\t\t<div class=\"elementor-post__text\">\n\t\t\t\t<h3 class=\"elementor-post__title\">\n\t\t\t<a href=\"https:\/\/advanis.net\/fr\/other-team-members\/dominic-pelletier\/\" target=&quot;_blank&quot;>\n\t\t\t\tDominic Pelletier\t\t\t<\/a>\n\t\t<\/h3>\n\t\t\t\t<div class=\"elementor-post__excerpt\">\n\t\t\t<p>Dominic est passionn\u00e9 par la compr\u00e9hension des facteurs qui expliquent nos comportements et nos pr\u00e9f\u00e9rences. Il est titulaire d&rsquo;une ma\u00eetrise et d&rsquo;un baccalaur\u00e9at (avec mention)<\/p>\n\t\t<\/div>\n\t\t\t\t\t<div class=\"elementor-post__read-more-wrapper\">\n\t\t\n\t\t<a class=\"elementor-post__read-more\" href=\"https:\/\/advanis.net\/fr\/other-team-members\/dominic-pelletier\/\" aria-label=\"En savoir plus sur Dominic Pelletier\" tabindex=\"-1\" target=\"_blank\">\n\t\t\tEn Savoir Plus \u00bb\t\t<\/a>\n\n\t\t\t\t\t<\/div>\n\t\t\t\t<\/div>\n\t\t\t\t\t<\/div>\n\t\t<\/article>\n\t\t\t\t<article class=\"elementor-post elementor-grid-item post-3543 other-team-members type-other-team-members status-publish has-post-thumbnail hentry\" role=\"listitem\">\n\t\t\t<div class=\"elementor-post__card\">\n\t\t\t\t<a class=\"elementor-post__thumbnail__link\" href=\"https:\/\/advanis.net\/fr\/other-team-members\/hong-li\/\" tabindex=\"-1\" target=\"_blank\"><div class=\"elementor-post__thumbnail\"><img loading=\"lazy\" decoding=\"async\" width=\"768\" height=\"1024\" src=\"https:\/\/advanis.net\/wp-content\/uploads\/2024\/05\/Hong_2024_v2-768x1024.jpg\" class=\"attachment-medium_large size-medium_large wp-image-3513\" alt=\"Hong Li\" srcset=\"https:\/\/advanis.net\/wp-content\/uploads\/2024\/05\/Hong_2024_v2-768x1024.jpg 768w, https:\/\/advanis.net\/wp-content\/uploads\/2024\/05\/Hong_2024_v2-225x300.jpg 225w, https:\/\/advanis.net\/wp-content\/uploads\/2024\/05\/Hong_2024_v2-1152x1536.jpg 1152w, https:\/\/advanis.net\/wp-content\/uploads\/2024\/05\/Hong_2024_v2.jpg 1280w\" sizes=\"(max-width: 768px) 100vw, 768px\" title=\"\"><\/div><\/a>\n\t\t\t\t<div class=\"elementor-post__text\">\n\t\t\t\t<h3 class=\"elementor-post__title\">\n\t\t\t<a href=\"https:\/\/advanis.net\/fr\/other-team-members\/hong-li\/\" target=&quot;_blank&quot;>\n\t\t\t\tHong Li\t\t\t<\/a>\n\t\t<\/h3>\n\t\t\t\t<div class=\"elementor-post__excerpt\">\n\t\t\t<p>Hong est devenue un membre important de l&rsquo;\u00e9quipe d&rsquo;Advanis depuis qu&rsquo;elle l&rsquo;a int\u00e9gr\u00e9e en l&rsquo;an 2000, mettant son expertise scientifique au service de projets dans<\/p>\n\t\t<\/div>\n\t\t\t\t\t<div class=\"elementor-post__read-more-wrapper\">\n\t\t\n\t\t<a class=\"elementor-post__read-more\" href=\"https:\/\/advanis.net\/fr\/other-team-members\/hong-li\/\" aria-label=\"En savoir plus sur Hong Li\" tabindex=\"-1\" target=\"_blank\">\n\t\t\tEn Savoir Plus \u00bb\t\t<\/a>\n\n\t\t\t\t\t<\/div>\n\t\t\t\t<\/div>\n\t\t\t\t\t<\/div>\n\t\t<\/article>\n\t\t\t\t<\/div>\n\t\t\n\t\t\t\t<div class=\"e-load-more-anchor\" data-page=\"1\" data-max-page=\"4\" data-next-page=\"https:\/\/advanis.net\/fr\/wp-json\/wp\/v2\/pages\/3566\/page\/2\/\"><\/div>\n\t\t\t\t<nav class=\"elementor-pagination\" aria-label=\"Pagination\">\n\t\t\t<span class=\"page-numbers prev\">\u00ab Pr\u00e9c\u00e9dent<\/span>\n<a class=\"page-numbers next\" href=\"https:\/\/advanis.net\/fr\/wp-json\/wp\/v2\/pages\/3566\/page\/2\/\">Suivant \u00bb<\/a>\t\t<\/nav>\n\t\t\t\t\t\t<\/div>\n\t\t\t\t<\/div>\n\t\t\t\t\t<\/div>\n\t\t<\/div>\n\t\t\t\t\t<\/div>\n\t\t<\/section>\n\t\t\t\t<\/div>\n\t\t","protected":false},"excerpt":{"rendered":"<p>Notre \u00e9quipe Notre \u00e9quipe apporte des perspectives, des comp\u00e9tences et des exp\u00e9riences uniques aux mandats que nous r\u00e9alisons. Nous partageons une curiosit\u00e9 pour le comportement humain et une passion pour la r\u00e9solution de probl\u00e8mes. Quelques faits sur nous : 0 + C\u2019est le nombre d\u2019ann\u00e9es d\u2019exp\u00e9rience combin\u00e9es de nos coll\u00e8gues dans l&rsquo;industrie des \u00e9tudes de [&hellip;]<\/p>\n","protected":false},"author":5,"featured_media":0,"parent":0,"menu_order":0,"comment_status":"closed","ping_status":"closed","template":"elementor_header_footer","meta":{"_acf_changed":false,"footnotes":""},"class_list":["post-3566","page","type-page","status-publish","hentry"],"acf":[],"_links":{"self":[{"href":"https:\/\/advanis.net\/fr\/wp-json\/wp\/v2\/pages\/3566","targetHints":{"allow":["GET"]}}],"collection":[{"href":"https:\/\/advanis.net\/fr\/wp-json\/wp\/v2\/pages"}],"about":[{"href":"https:\/\/advanis.net\/fr\/wp-json\/wp\/v2\/types\/page"}],"author":[{"embeddable":true,"href":"https:\/\/advanis.net\/fr\/wp-json\/wp\/v2\/users\/5"}],"replies":[{"embeddable":true,"href":"https:\/\/advanis.net\/fr\/wp-json\/wp\/v2\/comments?post=3566"}],"version-history":[{"count":11,"href":"https:\/\/advanis.net\/fr\/wp-json\/wp\/v2\/pages\/3566\/revisions"}],"predecessor-version":[{"id":3751,"href":"https:\/\/advanis.net\/fr\/wp-json\/wp\/v2\/pages\/3566\/revisions\/3751"}],"wp:attachment":[{"href":"https:\/\/advanis.net\/fr\/wp-json\/wp\/v2\/media?parent=3566"}],"curies":[{"name":"wp","href":"https:\/\/api.w.org\/{rel}","templated":true}]}}