{"id":2383,"date":"2022-10-09T17:18:31","date_gmt":"2022-10-09T17:18:31","guid":{"rendered":"https:\/\/advanis.net\/recherche-sociale\/"},"modified":"2023-07-04T17:49:37","modified_gmt":"2023-07-04T17:49:37","slug":"recherche-sociale","status":"publish","type":"page","link":"https:\/\/advanis.net\/fr\/recherche-sociale\/","title":{"rendered":"RECHERCHE SOCIALE"},"content":{"rendered":"\t\t<div data-elementor-type=\"wp-page\" data-elementor-id=\"2383\" class=\"elementor elementor-2383 elementor-529\" data-elementor-post-type=\"page\">\n\t\t\t\t\t\t<section class=\"elementor-section elementor-top-section elementor-element elementor-element-82b7303 elementor-section-boxed elementor-section-height-default elementor-section-height-default\" data-id=\"82b7303\" data-element_type=\"section\">\n\t\t\t\t\t\t<div class=\"elementor-container elementor-column-gap-default\">\n\t\t\t\t\t<div class=\"elementor-column elementor-col-100 elementor-top-column elementor-element elementor-element-7289e4f5\" data-id=\"7289e4f5\" data-element_type=\"column\">\n\t\t\t<div class=\"elementor-widget-wrap elementor-element-populated\">\n\t\t\t\t\t\t<section class=\"elementor-section elementor-inner-section elementor-element elementor-element-4a24491 elementor-section-boxed elementor-section-height-default elementor-section-height-default\" data-id=\"4a24491\" data-element_type=\"section\">\n\t\t\t\t\t\t<div class=\"elementor-container elementor-column-gap-default\">\n\t\t\t\t\t<div class=\"elementor-column elementor-col-100 elementor-inner-column elementor-element elementor-element-ac41757\" data-id=\"ac41757\" data-element_type=\"column\">\n\t\t\t<div class=\"elementor-widget-wrap elementor-element-populated\">\n\t\t\t\t\t\t<div class=\"elementor-element elementor-element-5f372a19 elementor-widget elementor-widget-text-editor\" data-id=\"5f372a19\" data-element_type=\"widget\" data-widget_type=\"text-editor.default\">\n\t\t\t\t<div class=\"elementor-widget-container\">\n\t\t\t\t\t\t\t\t\t<p>De nombreuses organisations du secteur public, telles que les soci\u00e9t\u00e9s d\u2019\u00c9tat, les gouvernements, organismes publics, organisations \u00e0 but non lucratif, etc. consacrent leurs ressources limit\u00e9es aux besoins toujours croissants de la soci\u00e9t\u00e9. Afin d\u2019\u00e9tablir des priorit\u00e9s, les \u00e9tudes aupr\u00e8s de la population constituent une mani\u00e8re statistiquement valide de mesurer les attitudes, les opinions et les caract\u00e9ristiques d\u2019une population, tout en fournissant des informations cl\u00e9s pour la planification de programmes strat\u00e9giques. Les \u00e9valuations de programmes et les \u00e9tudes sur la satisfaction de la client\u00e8le fournissent des informations essentielles sur les programmes et les politiques. Cela permet de veiller \u00e0 ce qu\u2019ils atteignent de mani\u00e8re efficace et efficiente leurs objectifs \u00e9nonc\u00e9s ainsi que de les am\u00e9liorer au besoin.<\/p><p>La recherche sociale est un \u00e9l\u00e9ment important des travaux r\u00e9alis\u00e9s par le secteur public et par Advanis. Lors de la r\u00e9alisation de recherche sociale, les organisations du secteur public ont besoin d\u2019un partenaire qui peut adh\u00e9rer aux plus hauts standards de qualit\u00e9 en recherche, qui respecte les participants \u00e0 la recherche, et qui a la capacit\u00e9 de r\u00e9aliser des recherches de mani\u00e8re efficace \u00e0 l\u2019\u00e9chelle nationale. Voici quelques \u00e9l\u00e9ments par lesquels Advanis se distingue en tant que partenaire de recherche sociale :<\/p><ul><li>Avec plus de 30 ans d\u2019exp\u00e9rience dans la r\u00e9alisation de recherches sociales et avec plusieurs mandats \u00e0 l\u2019\u00e9chelle nationale dans divers secteurs, nous avons acquis une expertise unique dans le secteur public.<\/li><li>Ayant obtenu le Sceau d\u2019or de l\u2019Association de la recherche et de l\u2019intelligence marketing (ARIM) en 2009, Advanis adh\u00e8re au code de conduite et de bonnes pratiques du secteur de la recherche en marketing. Depuis 2019, Advanis est membre du <a href=\"https:\/\/www.canadianresearchinsightscouncil.ca\/?lang=fr\" rel=\"nofollow noopener\" target=\"_blank\">Conseil de recherche et d\u2019intelligence marketing canadien (CRIC)<\/a> \u00a0qui adh\u00e8re au Code international ICC\/ESOMAR des \u00e9tudes de march\u00e9, \u00e9tudes sociales et d\u2019opinion et de l\u2019analytique des donn\u00e9es.<\/li><li>En 2021, nos chercheurs et consultants les plus chevronn\u00e9s ont obtenu leur\u00a0 <a href=\"https:\/\/www.caip-paim.ca\/?lang=fr\" rel=\"nofollow noopener\" target=\"_blank\">d\u00e9signation<\/a> \u00a0PAIM du\u00a0 <a href=\"https:\/\/www.canadianresearchinsightscouncil.ca\/?lang=fr\" rel=\"nofollow noopener\" target=\"_blank\">Conseil de recherche et d&rsquo;intelligence marketing Canadien (CRIC)<\/a> \u00a0parce que nous sommes engag\u00e9s \u00e0 maintenir nos normes \u00e9lev\u00e9es.<\/li><li>Advanis poss\u00e8de une vaste exp\u00e9rience dans la mise en \u0153uvre des meilleures pratiques en mati\u00e8re de m\u00e9thodologie d\u2019\u00e9chantillonnage, et est en mesure d\u2019assurer la fiabilit\u00e9 et la validit\u00e9 statistiques de l\u2019ensemble de ses projets.\u00a0 En plus des sondages t\u00e9l\u00e9phoniques traditionnels, nous offrons \u00e0 nos clients le choix de r\u00e9aliser des sondages en ligne, ou d\u2019utiliser le processus de R\u00e9ponse Vocale Interactive (RVI), ou encore les codes abr\u00e9g\u00e9s pour la messagerie texte (SMS), ou une combinaison RVI\/SMS\u00a0. De plus, exclusivement pour nos clients gouvernementaux, nous offrons Ma ville \u00e9coute, projet pour lequel nous avons d\u00e9velopp\u00e9 notre bassin de participants \u00e0 partir d\u2019un \u00e9chantillon probabiliste de num\u00e9ros de cellulaires canadiens.<\/li><li>Nous disposons \u00a0d\u2019une \u00e9quipe de professionnels d\u00e9vou\u00e9e et sp\u00e9cialis\u00e9e, au service exclusif de nos clients du\u00a0 secteur public, ainsi que d\u2019une \u00e9quipe sp\u00e9cialis\u00e9e en sciences informatiques, qui a mis au point de nombreuses innovations exclusives qui nous permettent d\u2019obtenir les taux de r\u00e9ponse \u00e9lev\u00e9s requis, en particulier dans les enqu\u00eates publiques.<br \/><br \/><\/li><\/ul><p>Le succ\u00e8s d\u2019Advanis a \u00e9t\u00e9 possible en d\u00e9veloppant au fil des ann\u00e9es la confiance de nos clients envers nos connaissances et notre expertise. Notre exp\u00e9rience dans le secteur public comprend des projets dans les secteurs suivants :<\/p><ul><li>\u00c9ducation<\/li><li>Alimentation et agriculture<\/li><li>Sant\u00e9<\/li><li>Gouvernement municipal, provincial et f\u00e9d\u00e9ral<\/li><li>Organismes \u00e0 but non lucratif\/secteur social<\/li><li>Associations professionnelles (syndicats, ordres professionnels, etc.)<\/li><li>De nombreux minist\u00e8res et agences gouvernementales<br \/><br \/><\/li><\/ul><p>Chez Advanis, nous ma\u00eetrisons parfaitement les techniques d\u2019analyses qualitatives et quantitatives, et nous travaillons toujours en \u00e9troite collaboration avec nos clients afin de choisir les outils les plus appropri\u00e9s pour atteindre les objectifs de leur recherche. Voir nos\u00a0<a href=\"https:\/\/advanis.net\/fr\/services\/\">Services<\/a>.\u00a0<\/p><p>Advanis est \u00a0\u00e9galement sp\u00e9cialis\u00e9e en recherche aupr\u00e8s des <a href=\"https:\/\/advanis.net\/fr\/recherche-secteur-prive\/\">consommateurs et \u00e9tudes\u00a0 de march\u00e9 pour le secteur priv\u00e9<\/a>.\u00a0<\/p>\t\t\t\t\t\t\t\t<\/div>\n\t\t\t\t<\/div>\n\t\t\t\t\t<\/div>\n\t\t<\/div>\n\t\t\t\t\t<\/div>\n\t\t<\/section>\n\t\t\t\t<section class=\"elementor-section elementor-inner-section elementor-element elementor-element-1498db0 elementor-section-boxed elementor-section-height-default elementor-section-height-default\" data-id=\"1498db0\" data-element_type=\"section\">\n\t\t\t\t\t\t<div class=\"elementor-container elementor-column-gap-default\">\n\t\t\t\t\t<div class=\"elementor-column elementor-col-50 elementor-inner-column elementor-element elementor-element-6121ee0\" data-id=\"6121ee0\" data-element_type=\"column\" data-settings=\"{&quot;background_background&quot;:&quot;classic&quot;}\">\n\t\t\t<div class=\"elementor-widget-wrap elementor-element-populated\">\n\t\t\t\t\t\t<div class=\"elementor-element elementor-element-2ef4614 elementor-view-default elementor-widget elementor-widget-icon\" data-id=\"2ef4614\" data-element_type=\"widget\" data-widget_type=\"icon.default\">\n\t\t\t\t<div class=\"elementor-widget-container\">\n\t\t\t\t\t\t\t<div class=\"elementor-icon-wrapper\">\n\t\t\t<div class=\"elementor-icon\">\n\t\t\t<i aria-hidden=\"true\" class=\"far fa-envelope\"><\/i>\t\t\t<\/div>\n\t\t<\/div>\n\t\t\t\t\t\t<\/div>\n\t\t\t\t<\/div>\n\t\t\t\t<div class=\"elementor-element elementor-element-ae3175c elementor-widget elementor-widget-text-editor\" data-id=\"ae3175c\" data-element_type=\"widget\" data-widget_type=\"text-editor.default\">\n\t\t\t\t<div class=\"elementor-widget-container\">\n\t\t\t\t\t\t\t\t\t<div class=\"col-sm-6 border-right\">\n<div class=\"service\">\n<p class=\"alt-paragraph\">Contacter <b>Nicolas<\/b> pour savoir comment Advanis aide les organisations.<\/p>\n<\/div>\n<\/div>\t\t\t\t\t\t\t\t<\/div>\n\t\t\t\t<\/div>\n\t\t\t\t<div class=\"elementor-element elementor-element-c1f84a8 elementor-widget elementor-widget-eael-creative-button\" data-id=\"c1f84a8\" data-element_type=\"widget\" data-widget_type=\"eael-creative-button.default\">\n\t\t\t\t<div class=\"elementor-widget-container\">\n\t\t\t\t\t        <div class=\"eael-creative-button-wrapper\">\n\n            <a class=\"eael-creative-button eael-creative-button--wayra\" href=\"mailto:ntoutant@advanis.net\" data-text=\"Allez-y !\">\n            \t    \n                <div class=\"creative-button-inner\">\n\n                    \n                    <span class=\"cretive-button-text\">Envoyer un courriel<\/span>\n\n                                    <\/div>\n\t                        <\/a>\n        <\/div>\n        \t\t\t\t<\/div>\n\t\t\t\t<\/div>\n\t\t\t\t\t<\/div>\n\t\t<\/div>\n\t\t<!-- hidden column 2383-c064a1d -->\t\t\t<\/div>\n\t\t<\/section>\n\t\t\t\t<div class=\"elementor-element elementor-element-8262ce0 elementor-grid-4 elementor-grid-tablet-2 elementor-grid-mobile-1 elementor-posts--thumbnail-top elementor-widget elementor-widget-posts\" data-id=\"8262ce0\" data-element_type=\"widget\" data-settings=\"{&quot;classic_columns&quot;:&quot;4&quot;,&quot;classic_columns_tablet&quot;:&quot;2&quot;,&quot;classic_columns_mobile&quot;:&quot;1&quot;,&quot;classic_row_gap&quot;:{&quot;unit&quot;:&quot;px&quot;,&quot;size&quot;:35,&quot;sizes&quot;:[]},&quot;classic_row_gap_tablet&quot;:{&quot;unit&quot;:&quot;px&quot;,&quot;size&quot;:&quot;&quot;,&quot;sizes&quot;:[]},&quot;classic_row_gap_mobile&quot;:{&quot;unit&quot;:&quot;px&quot;,&quot;size&quot;:&quot;&quot;,&quot;sizes&quot;:[]}}\" data-widget_type=\"posts.classic\">\n\t\t\t\t<div class=\"elementor-widget-container\">\n\t\t\t\t\t\t\t<div class=\"elementor-posts-container elementor-posts elementor-posts--skin-classic elementor-grid\" role=\"list\">\n\t\t\t\t<article class=\"elementor-post elementor-grid-item post-2391 social_and_public type-social_and_public status-publish format-standard has-post-thumbnail hentry\" role=\"listitem\">\n\t\t\t\t<a class=\"elementor-post__thumbnail__link\" href=\"https:\/\/advanis.net\/fr\/social-and-public-research\/associations-obnl\/\" tabindex=\"-1\">\n\t\t\t<div class=\"elementor-post__thumbnail\"><img fetchpriority=\"high\" decoding=\"async\" width=\"800\" height=\"534\" src=\"https:\/\/advanis.net\/wp-content\/uploads\/2022\/10\/fotolia_90931674_subscription_monthly_m_1-1024x683.jpg\" class=\"attachment-large size-large wp-image-2151\" alt=\"\" title=\"\" srcset=\"https:\/\/advanis.net\/wp-content\/uploads\/2022\/10\/fotolia_90931674_subscription_monthly_m_1-1024x683.jpg 1024w, https:\/\/advanis.net\/wp-content\/uploads\/2022\/10\/fotolia_90931674_subscription_monthly_m_1-300x200.jpg 300w, https:\/\/advanis.net\/wp-content\/uploads\/2022\/10\/fotolia_90931674_subscription_monthly_m_1-768x512.jpg 768w, https:\/\/advanis.net\/wp-content\/uploads\/2022\/10\/fotolia_90931674_subscription_monthly_m_1-1536x1025.jpg 1536w, https:\/\/advanis.net\/wp-content\/uploads\/2022\/10\/fotolia_90931674_subscription_monthly_m_1.jpg 1688w\" sizes=\"(max-width: 800px) 100vw, 800px\" \/><\/div>\n\t\t<\/a>\n\t\t\t\t<div class=\"elementor-post__text\">\n\t\t\t\t<h3 class=\"elementor-post__title\">\n\t\t\t<a href=\"https:\/\/advanis.net\/fr\/social-and-public-research\/associations-obnl\/\">\n\t\t\t\tAssociations \/ OBNL\t\t\t<\/a>\n\t\t<\/h3>\n\t\t\t\t<\/div>\n\t\t\t\t<\/article>\n\t\t\t\t<article class=\"elementor-post elementor-grid-item post-2392 social_and_public type-social_and_public status-publish format-standard has-post-thumbnail hentry\" role=\"listitem\">\n\t\t\t\t<a class=\"elementor-post__thumbnail__link\" href=\"https:\/\/advanis.net\/fr\/social-and-public-research\/sante\/\" tabindex=\"-1\">\n\t\t\t<div class=\"elementor-post__thumbnail\"><img decoding=\"async\" width=\"800\" height=\"534\" src=\"https:\/\/advanis.net\/wp-content\/uploads\/2022\/10\/health-1024x683.jpg\" class=\"attachment-large size-large wp-image-2240\" alt=\"\" title=\"\" srcset=\"https:\/\/advanis.net\/wp-content\/uploads\/2022\/10\/health-1024x683.jpg 1024w, https:\/\/advanis.net\/wp-content\/uploads\/2022\/10\/health-300x200.jpg 300w, https:\/\/advanis.net\/wp-content\/uploads\/2022\/10\/health-768x512.jpg 768w, https:\/\/advanis.net\/wp-content\/uploads\/2022\/10\/health-1536x1024.jpg 1536w, https:\/\/advanis.net\/wp-content\/uploads\/2022\/10\/health-2048x1365.jpg 2048w\" sizes=\"(max-width: 800px) 100vw, 800px\" \/><\/div>\n\t\t<\/a>\n\t\t\t\t<div class=\"elementor-post__text\">\n\t\t\t\t<h3 class=\"elementor-post__title\">\n\t\t\t<a href=\"https:\/\/advanis.net\/fr\/social-and-public-research\/sante\/\">\n\t\t\t\tSant\u00e9\t\t\t<\/a>\n\t\t<\/h3>\n\t\t\t\t<\/div>\n\t\t\t\t<\/article>\n\t\t\t\t<article class=\"elementor-post elementor-grid-item post-2394 social_and_public type-social_and_public status-publish format-standard has-post-thumbnail hentry\" role=\"listitem\">\n\t\t\t\t<a class=\"elementor-post__thumbnail__link\" href=\"https:\/\/advanis.net\/fr\/social-and-public-research\/education\/\" tabindex=\"-1\">\n\t\t\t<div class=\"elementor-post__thumbnail\"><img decoding=\"async\" width=\"777\" height=\"616\" src=\"https:\/\/advanis.net\/wp-content\/uploads\/2022\/10\/46312047_m.jpg\" class=\"attachment-large size-large wp-image-2149\" alt=\"\" title=\"\" srcset=\"https:\/\/advanis.net\/wp-content\/uploads\/2022\/10\/46312047_m.jpg 777w, https:\/\/advanis.net\/wp-content\/uploads\/2022\/10\/46312047_m-300x238.jpg 300w, https:\/\/advanis.net\/wp-content\/uploads\/2022\/10\/46312047_m-768x609.jpg 768w\" sizes=\"(max-width: 777px) 100vw, 777px\" \/><\/div>\n\t\t<\/a>\n\t\t\t\t<div class=\"elementor-post__text\">\n\t\t\t\t<h3 class=\"elementor-post__title\">\n\t\t\t<a href=\"https:\/\/advanis.net\/fr\/social-and-public-research\/education\/\">\n\t\t\t\t\u00c9ducation\t\t\t<\/a>\n\t\t<\/h3>\n\t\t\t\t<\/div>\n\t\t\t\t<\/article>\n\t\t\t\t<article class=\"elementor-post elementor-grid-item post-2395 social_and_public type-social_and_public status-publish format-standard has-post-thumbnail hentry\" role=\"listitem\">\n\t\t\t\t<a class=\"elementor-post__thumbnail__link\" href=\"https:\/\/advanis.net\/fr\/social-and-public-research\/gouvernement\/\" tabindex=\"-1\">\n\t\t\t<div class=\"elementor-post__thumbnail\"><img loading=\"lazy\" decoding=\"async\" width=\"800\" height=\"534\" src=\"https:\/\/advanis.net\/wp-content\/uploads\/2022\/10\/government-1024x683.jpg\" class=\"attachment-large size-large wp-image-2242\" alt=\"\" title=\"\" srcset=\"https:\/\/advanis.net\/wp-content\/uploads\/2022\/10\/government-1024x683.jpg 1024w, https:\/\/advanis.net\/wp-content\/uploads\/2022\/10\/government-300x200.jpg 300w, https:\/\/advanis.net\/wp-content\/uploads\/2022\/10\/government-768x512.jpg 768w, https:\/\/advanis.net\/wp-content\/uploads\/2022\/10\/government-1536x1025.jpg 1536w, https:\/\/advanis.net\/wp-content\/uploads\/2022\/10\/government-2048x1366.jpg 2048w\" sizes=\"(max-width: 800px) 100vw, 800px\" \/><\/div>\n\t\t<\/a>\n\t\t\t\t<div class=\"elementor-post__text\">\n\t\t\t\t<h3 class=\"elementor-post__title\">\n\t\t\t<a href=\"https:\/\/advanis.net\/fr\/social-and-public-research\/gouvernement\/\">\n\t\t\t\tGouvernement\t\t\t<\/a>\n\t\t<\/h3>\n\t\t\t\t<\/div>\n\t\t\t\t<\/article>\n\t\t\t\t<\/div>\n\t\t\n\t\t\t\t\t\t<\/div>\n\t\t\t\t<\/div>\n\t\t\t\t\t<\/div>\n\t\t<\/div>\n\t\t\t\t\t<\/div>\n\t\t<\/section>\n\t\t\t\t<\/div>\n\t\t","protected":false},"excerpt":{"rendered":"<p>De nombreuses organisations du secteur public, telles que les soci\u00e9t\u00e9s d\u2019\u00c9tat, les gouvernements, organismes publics, organisations \u00e0 but non lucratif, etc. consacrent leurs ressources limit\u00e9es<\/p>\n","protected":false},"author":4,"featured_media":2143,"parent":0,"menu_order":0,"comment_status":"closed","ping_status":"closed","template":"","meta":{"_acf_changed":false,"footnotes":""},"class_list":["post-2383","page","type-page","status-publish","has-post-thumbnail","hentry"],"acf":[],"_links":{"self":[{"href":"https:\/\/advanis.net\/fr\/wp-json\/wp\/v2\/pages\/2383","targetHints":{"allow":["GET"]}}],"collection":[{"href":"https:\/\/advanis.net\/fr\/wp-json\/wp\/v2\/pages"}],"about":[{"href":"https:\/\/advanis.net\/fr\/wp-json\/wp\/v2\/types\/page"}],"author":[{"embeddable":true,"href":"https:\/\/advanis.net\/fr\/wp-json\/wp\/v2\/users\/4"}],"replies":[{"embeddable":true,"href":"https:\/\/advanis.net\/fr\/wp-json\/wp\/v2\/comments?post=2383"}],"version-history":[{"count":26,"href":"https:\/\/advanis.net\/fr\/wp-json\/wp\/v2\/pages\/2383\/revisions"}],"predecessor-version":[{"id":3092,"href":"https:\/\/advanis.net\/fr\/wp-json\/wp\/v2\/pages\/2383\/revisions\/3092"}],"wp:featuredmedia":[{"embeddable":true,"href":"https:\/\/advanis.net\/fr\/wp-json\/wp\/v2\/media\/2143"}],"wp:attachment":[{"href":"https:\/\/advanis.net\/fr\/wp-json\/wp\/v2\/media?parent=2383"}],"curies":[{"name":"wp","href":"https:\/\/api.w.org\/{rel}","templated":true}]}}