{"id":2381,"date":"2022-10-24T19:27:04","date_gmt":"2022-10-24T19:27:04","guid":{"rendered":"https:\/\/advanis.net\/recherche-quantitative\/"},"modified":"2023-07-04T18:25:55","modified_gmt":"2023-07-04T18:25:55","slug":"recherche-quantitative","status":"publish","type":"page","link":"https:\/\/advanis.net\/fr\/recherche-quantitative\/","title":{"rendered":"Recherche Quantitative"},"content":{"rendered":"\n<p>Advanis est l\u2019une des entreprises canadienne les plus innovante en mati\u00e8re de collecte de donn\u00e9es. Nous poss\u00e9dons un centre d\u2019appels national de pointe, des infrastructures de t\u00e9l\u00e9communications avanc\u00e9es et nos outils de collecte de donn\u00e9es, tant pour le Web que la RVI, ainsi que notre portail d\u2019analyse en ligne sont \u00e0 la fine pointe de la technologie. <\/p>\n\n\n\n<p>En 2007, Advanis fut l\u2019une des premi\u00e8res firmes \u00e0 d\u00e9placer son centres d\u2019appels sortant pour utiliser un nombre important d\u2019agents distants. Avec des d\u00e9veloppements de notre propre plate-forme d\u2019entrevues t\u00e9l\u00e9phonique assist\u00e9e (CATI) et de r\u00e9ponse vocale interactive (RVI), Advanis a personnalis\u00e9 son logiciel d\u2019enqu\u00eate afin de s\u2019assurer que les donn\u00e9es recueillies respectent les plus hauts standards, et ce, dans les temps voulus. <\/p>\n\n\n\n<p>Advanis est \u00e9galement une entreprise de collecte de donn\u00e9es de choix pour plusieurs soci\u00e9t\u00e9s de services-conseils au Canada, fournissant autant la conception d&rsquo;enqu\u00eate que la collecte des donn\u00e9es d&rsquo;entrevue, la programmation et le support de services-conseils.<\/p>\n\n\n\n<p>Veuillez cliquer sur les liens \u00e0 droites pour en apprendre plus sur nos diff\u00e9rents services de collecte de donn\u00e9es.<\/p>\n","protected":false},"excerpt":{"rendered":"<p>Advanis est l\u2019une des entreprises canadienne les plus innovante en mati\u00e8re de collecte de donn\u00e9es. Nous poss\u00e9dons un centre d\u2019appels national de pointe, des infrastructures de t\u00e9l\u00e9communications avanc\u00e9es et nos outils de collecte de donn\u00e9es, tant pour le Web que la RVI, ainsi que notre portail d\u2019analyse en ligne sont \u00e0 la fine pointe de [&hellip;]<\/p>\n","protected":false},"author":4,"featured_media":2157,"parent":0,"menu_order":0,"comment_status":"closed","ping_status":"closed","template":"","meta":{"_acf_changed":false,"footnotes":""},"class_list":["post-2381","page","type-page","status-publish","has-post-thumbnail","hentry"],"acf":[],"_links":{"self":[{"href":"https:\/\/advanis.net\/fr\/wp-json\/wp\/v2\/pages\/2381","targetHints":{"allow":["GET"]}}],"collection":[{"href":"https:\/\/advanis.net\/fr\/wp-json\/wp\/v2\/pages"}],"about":[{"href":"https:\/\/advanis.net\/fr\/wp-json\/wp\/v2\/types\/page"}],"author":[{"embeddable":true,"href":"https:\/\/advanis.net\/fr\/wp-json\/wp\/v2\/users\/4"}],"replies":[{"embeddable":true,"href":"https:\/\/advanis.net\/fr\/wp-json\/wp\/v2\/comments?post=2381"}],"version-history":[{"count":3,"href":"https:\/\/advanis.net\/fr\/wp-json\/wp\/v2\/pages\/2381\/revisions"}],"predecessor-version":[{"id":3097,"href":"https:\/\/advanis.net\/fr\/wp-json\/wp\/v2\/pages\/2381\/revisions\/3097"}],"wp:featuredmedia":[{"embeddable":true,"href":"https:\/\/advanis.net\/fr\/wp-json\/wp\/v2\/media\/2157"}],"wp:attachment":[{"href":"https:\/\/advanis.net\/fr\/wp-json\/wp\/v2\/media?parent=2381"}],"curies":[{"name":"wp","href":"https:\/\/api.w.org\/{rel}","templated":true}]}}