{"id":2379,"date":"2022-11-03T22:15:04","date_gmt":"2022-11-03T22:15:04","guid":{"rendered":"https:\/\/advanis.net\/recherche-qualitative\/"},"modified":"2023-06-28T18:08:48","modified_gmt":"2023-06-28T18:08:48","slug":"recherche-qualitative","status":"publish","type":"page","link":"https:\/\/advanis.net\/fr\/recherche-qualitative\/","title":{"rendered":"Recherche Qualitative"},"content":{"rendered":"\n<p>Que ce soit pour mieux comprendre un ph\u00e9nom\u00e8ne o\u00f9 une situation pour laquelle les connaissances sont encore peu connues ou pour approfondir la compr\u00e9hension des comportements ou des opinions, la recherche qualitative offre plusieurs m\u00e9thodes de collecte et d\u2019analyse de donn\u00e9es. Ces m\u00e9thodes permettent d\u2019obtenir des donn\u00e9es descriptives qui sont difficilement quantifiables. Elles impliquent tout type de recherche ayant recours \u00e0 des informations non num\u00e9riques dont la vis\u00e9e est d\u2019explorer les caract\u00e9ristiques d\u2019individus ou de groupes que les m\u00e9thodes qualitatives seules ne pourraient obtenir.  Ces techniques sont en ligne avec les m\u00e9thodes de choix descriptifs qu\u2019utilise Advanis \u2013 les participants r\u00e9v\u00e8lent leurs pr\u00e9f\u00e9rences au niveau des fonctionnalit\u00e9s et services plut\u00f4t que de r\u00e9pondre \u00e0 ceux qu\u2019on leur pr\u00e9sente directement (ce qui est plus pr\u00e8s des comportements d\u2019achat). <\/p>\n\n\n\n<p>L\u2019\u00e9quipe d\u2019Advanis inclus des chercheurs et des mod\u00e9rateurs qualifi\u00e9s en \u00e9tudes qualitatives. Nous utilisons les meilleures m\u00e9thodes selon les sp\u00e9cifications des diff\u00e9rents projets, incluant les besoins de recherche, le budget et le calendrier. Nos m\u00e9thodes inclues, sans y \u00eatre limit\u00e9es :  <\/p>\n\n\n\n<ul class=\"wp-block-list\">\n<li><strong>Entrevues semi-directives:<\/strong> Entrevues t\u00e9l\u00e9phoniques ou vid\u00e9o. Cette m\u00e9thode est excellente pour les organisations et les publics professionnels, ou encore lorsque les exp\u00e9riences des usagers doivent \u00eatre explor\u00e9es en profondeur. Nos m\u00e9thodes incluent une option de r\u00e9troaction en direct pour els clients qui souhaiteraient \u00e9couter les entretiens et pouvoir communiquer avec le mod\u00e9rateur. Toutes les entrevues sont enregistr\u00e9es et les transcriptions sont disponibles sur demande. Cette m\u00e9thode permet d\u2019\u00e9liminer les contraintes g\u00e9ographiques.  <\/li>\n\n\n\n<li><strong>Groupes de discussion:<\/strong> Les groupes de discussions sont la m\u00e9thode id\u00e9ale pour explorer les points communs et les diff\u00e9rences au niveau des exp\u00e9riences avec les produits, les programmes ou les services qui sont offerts. Les groupes sont g\u00e9n\u00e9ralement tenus dans des centres avec de grandes populations, ils sont un excellent moyen pour les observateurs d\u2019entendre et de voir l\u2019exp\u00e9rience des r\u00e9pondants et leurs besoins de premi\u00e8re main.    <\/li>\n\n\n\n<li><strong>Groupes qualitatifs en ligne:<\/strong> La recherche qualitative en ligne permet aux chercheurs de regrouper des participants de partout au pays dans un m\u00eame groupe en ligne. Les activit\u00e9s en ligne peuvent inclure des entrevues, des discussions et des activit\u00e9s cr\u00e9atives. L\u2019interface en ligne permet \u00e0 tous les participants d\u2019exprimer leur point de vue sans \u00eatre contraints parce que d\u2019autres prennent plus de place. Les groupes en ligne se tiennent g\u00e9n\u00e9ralement sur plusieurs jours, ce qui permet plus de temps pour la r\u00e9flexion ou pour la r\u00e9vision \u00e0 partir de stimuli.   <\/li>\n\n\n\n<li><strong>Ateliers pour les parties prenantes:<\/strong> Ces ateliers servent \u00e0 faciliter les discussions entre les parties prenantes cl\u00e9s qu\u2019elles soient internes ou externes afin de d\u00e9velopper des connaissances et des id\u00e9es en lien avec les questions de recherche.<\/li>\n\n\n\n<li><strong>Outils de balisage en ligne:<\/strong> Ces outils peuvent \u00eatre incorpor\u00e9s autant dans la recherche qualitative que dans les sondages quantitatifs. Les outils de balisage offrent des impressions initiales et d\u00e9taill\u00e9es des stimuli visuels tel que les promotions, les sites web ou l\u2019emballage.<\/li>\n<\/ul>\n\n\n\n<p><\/p>\n\n\n\n<p><strong>Advanis offre un centre de groupes de discussion \u00e0 Montr\u00e9al, situ\u00e9 \u00e0 nos bureaux au c\u0153ur de la ville.<\/strong><\/p>\n\n\n\n<figure class=\"wp-block-gallery has-nested-images columns-default is-cropped wp-block-gallery-2 is-layout-flex wp-block-gallery-is-layout-flex\">\n<figure class=\"wp-block-image size-large\"><img fetchpriority=\"high\" decoding=\"async\" width=\"700\" height=\"935\" data-id=\"1883\" src=\"https:\/\/advanis.net\/wp-content\/uploads\/2022\/11\/mtl_fg2_copy.png\" alt=\"\" class=\"wp-image-1883\" title=\"\" srcset=\"https:\/\/advanis.net\/wp-content\/uploads\/2022\/11\/mtl_fg2_copy.png 700w, https:\/\/advanis.net\/wp-content\/uploads\/2022\/11\/mtl_fg2_copy-225x300.png 225w\" sizes=\"(max-width: 700px) 100vw, 700px\" \/><\/figure>\n\n\n\n<figure class=\"wp-block-image size-large\"><img decoding=\"async\" width=\"700\" height=\"933\" data-id=\"1885\" src=\"https:\/\/advanis.net\/wp-content\/uploads\/2022\/11\/mtl_fg_copy.png\" alt=\"\" class=\"wp-image-1885\" title=\"\" srcset=\"https:\/\/advanis.net\/wp-content\/uploads\/2022\/11\/mtl_fg_copy.png 700w, https:\/\/advanis.net\/wp-content\/uploads\/2022\/11\/mtl_fg_copy-225x300.png 225w\" sizes=\"(max-width: 700px) 100vw, 700px\" \/><\/figure>\n<\/figure>\n","protected":false},"excerpt":{"rendered":"<p>Que ce soit pour mieux comprendre un ph\u00e9nom\u00e8ne o\u00f9 une situation pour laquelle les connaissances sont encore peu connues ou pour approfondir la compr\u00e9hension des comportements ou des opinions, la recherche qualitative offre plusieurs m\u00e9thodes de collecte et d\u2019analyse de donn\u00e9es. Ces m\u00e9thodes permettent d\u2019obtenir des donn\u00e9es descriptives qui sont difficilement quantifiables. Elles impliquent tout [&hellip;]<\/p>\n","protected":false},"author":4,"featured_media":2143,"parent":0,"menu_order":0,"comment_status":"closed","ping_status":"closed","template":"","meta":{"_acf_changed":false,"footnotes":""},"class_list":["post-2379","page","type-page","status-publish","has-post-thumbnail","hentry"],"acf":[],"_links":{"self":[{"href":"https:\/\/advanis.net\/fr\/wp-json\/wp\/v2\/pages\/2379","targetHints":{"allow":["GET"]}}],"collection":[{"href":"https:\/\/advanis.net\/fr\/wp-json\/wp\/v2\/pages"}],"about":[{"href":"https:\/\/advanis.net\/fr\/wp-json\/wp\/v2\/types\/page"}],"author":[{"embeddable":true,"href":"https:\/\/advanis.net\/fr\/wp-json\/wp\/v2\/users\/4"}],"replies":[{"embeddable":true,"href":"https:\/\/advanis.net\/fr\/wp-json\/wp\/v2\/comments?post=2379"}],"version-history":[{"count":6,"href":"https:\/\/advanis.net\/fr\/wp-json\/wp\/v2\/pages\/2379\/revisions"}],"predecessor-version":[{"id":2906,"href":"https:\/\/advanis.net\/fr\/wp-json\/wp\/v2\/pages\/2379\/revisions\/2906"}],"wp:featuredmedia":[{"embeddable":true,"href":"https:\/\/advanis.net\/fr\/wp-json\/wp\/v2\/media\/2143"}],"wp:attachment":[{"href":"https:\/\/advanis.net\/fr\/wp-json\/wp\/v2\/media?parent=2379"}],"curies":[{"name":"wp","href":"https:\/\/api.w.org\/{rel}","templated":true}]}}