{"id":2377,"date":"2022-10-23T19:26:55","date_gmt":"2022-10-23T19:26:55","guid":{"rendered":"https:\/\/advanis.net\/participer-a-un-sondage\/politique-de-securite-de-linformation\/"},"modified":"2024-10-28T14:06:00","modified_gmt":"2024-10-28T14:06:00","slug":"politique-de-securite-de-linformation","status":"publish","type":"page","link":"https:\/\/advanis.net\/fr\/participer-a-un-sondage\/politique-de-securite-de-linformation\/","title":{"rendered":"Politique de S\u00e9curit\u00e9 de l\u2019Information"},"content":{"rendered":"\n<p>Derni\u00e8re mise \u00e0 jour le : 25 octobre 2024<\/p>\n\n<p><strong>D\u00e9claration relative \u00e0 la politique de s\u00e9curit\u00e9 de l\u2019information\u200b <\/strong><\/p>\n\n<p>Advanis Inc. est une firme d\u2019\u00e9tudes de march\u00e9, cr\u00e9\u00e9e en 1990. En tant que firme canadienne priv\u00e9e sp\u00e9cialis\u00e9e dans les \u00e9tudes de march\u00e9 et les \u00e9tudes sociales, Advanis est r\u00e9put\u00e9e pour ses capacit\u00e9s d\u2019innovation, de leadership technologique et de sensibilit\u00e9 \u00e0 l\u2019\u00e9gard de ses clients. Advanis d\u00e9veloppe l\u2019ensemble de ses propres logiciels de sondages afin de pouvoir contr\u00f4ler int\u00e9gralement chaque aspect de la s\u00e9curit\u00e9 de l\u2019information. L\u2019\u00e9quipe d\u2019Advanis charg\u00e9e de la s\u00e9curit\u00e9 de l\u2019information effectue r\u00e9guli\u00e8rement des \u00e9valuations de s\u00e9curit\u00e9 en interne ainsi que pour de nombreux clients, afin de veiller \u00e0 ce que toutes les donn\u00e9es soient enti\u00e8rement s\u00e9curis\u00e9es.   <\/p>\n\n<p>Afin de proposer une gestion de la s\u00e9curit\u00e9 de l\u2019information de premier ordre, Advanis a obtenu la certification ISO 27001:2022 et est certifi\u00e9e ISO 27001 depuis 2021. En mettant en \u0153uvre les 92 contr\u00f4les applicables pour la norme ISO 27001:2022, Advanis est en mesure de garantir la s\u00e9curit\u00e9 de ses clients et de ses actifs informationnels. Le syst\u00e8me de gestion de la s\u00e9curit\u00e9 de l\u2019information de pointe d\u2019Advanis a \u00e9t\u00e9 v\u00e9rifi\u00e9 par de nombreuses parties externes, notamment des soci\u00e9t\u00e9s de conseil et des auditeurs. La certification couvre chacun de nos trois bureaux et nos deux installations de colocation.   <br\/><\/p>\n\n<p>Gr\u00e2ce \u00e0 ce programme, Advanis pourra faire en sorte de r\u00e9pondre aux besoins de ses clients et satisfaire \u00e0 toutes les responsabilit\u00e9s juridiques et r\u00e9glementaires.  <\/p>\n\n<p>Advanis s\u2019engage \u00e0 :<\/p>\n\n<ul class=\"wp-block-list\">\n<li>R\u00e9pondre aux attentes de ses clients et des autorit\u00e9s r\u00e9glementaires comp\u00e9tentes.<\/li>\n\n\n\n<li>Mettre en \u0153uvre un syst\u00e8me de gestion de la s\u00e9curit\u00e9 de l\u2019information et veiller \u00e0 ce qu\u2019il soit r\u00e9guli\u00e8rement am\u00e9lior\u00e9 et accompagn\u00e9 des ressources n\u00e9cessaires \u00e0 la r\u00e9alisation des engagements \u00e9nonc\u00e9s dans la pr\u00e9sente d\u00e9claration de politique.<\/li>\n\n\n\n<li>Mettre en \u0153uvre et maintenir des politiques et proc\u00e9dures de s\u00e9curit\u00e9 pour r\u00e9pondre aux exigences de la norme ISO 27001 et \u00e0 toute autre sp\u00e9cification du client.<\/li>\n\n\n\n<li>Collaborer avec les clients pour leur fournir des informations et des conseils fond\u00e9s sur la recherche, leur permettant de prendre des d\u00e9cisions judicieuses et bas\u00e9es sur des faits concernant leurs enjeux les plus essentiels en mati\u00e8re de marketing, d\u2019affaires et de politique publique.<\/li>\n\n\n\n<li>Faire en sorte que tous les employ\u00e9s respectent les politiques et les proc\u00e9dures de l\u2019entreprise.<\/li>\n\n\n\n<li>Prot\u00e9ger toutes les donn\u00e9es internes et celles des clients contre les pertes, les dommages, les perturbations ou les divulgations non autoris\u00e9es.<\/li>\n<\/ul>\n\n<p>Advanis continuera \u00e0 atteindre ses objectifs en investissant du temps et des ressources dans sa plateforme d&rsquo;enqu\u00eate, les comp\u00e9tences de son personnel, ses processus et ses politiques. Ces efforts permettront \u00e0 l&rsquo;entreprise de s&rsquo;assurer que les efforts appropri\u00e9s sont toujours d\u00e9ploy\u00e9s pour att\u00e9nuer les risques qui se pr\u00e9sentent. <\/p>\n\n<p><\/p>\n","protected":false},"excerpt":{"rendered":"<p>Derni\u00e8re mise \u00e0 jour le : 25 octobre 2024 D\u00e9claration relative \u00e0 la politique de s\u00e9curit\u00e9 de l\u2019information\u200b Advanis Inc. est une firme d\u2019\u00e9tudes de march\u00e9, cr\u00e9\u00e9e en 1990. En tant que firme canadienne priv\u00e9e sp\u00e9cialis\u00e9e dans les \u00e9tudes de march\u00e9 et les \u00e9tudes sociales, Advanis est r\u00e9put\u00e9e pour ses capacit\u00e9s d\u2019innovation, de leadership technologique [&hellip;]<\/p>\n","protected":false},"author":4,"featured_media":0,"parent":2369,"menu_order":0,"comment_status":"closed","ping_status":"closed","template":"","meta":{"_acf_changed":false,"footnotes":""},"class_list":["post-2377","page","type-page","status-publish","hentry"],"acf":[],"_links":{"self":[{"href":"https:\/\/advanis.net\/fr\/wp-json\/wp\/v2\/pages\/2377","targetHints":{"allow":["GET"]}}],"collection":[{"href":"https:\/\/advanis.net\/fr\/wp-json\/wp\/v2\/pages"}],"about":[{"href":"https:\/\/advanis.net\/fr\/wp-json\/wp\/v2\/types\/page"}],"author":[{"embeddable":true,"href":"https:\/\/advanis.net\/fr\/wp-json\/wp\/v2\/users\/4"}],"replies":[{"embeddable":true,"href":"https:\/\/advanis.net\/fr\/wp-json\/wp\/v2\/comments?post=2377"}],"version-history":[{"count":2,"href":"https:\/\/advanis.net\/fr\/wp-json\/wp\/v2\/pages\/2377\/revisions"}],"predecessor-version":[{"id":3681,"href":"https:\/\/advanis.net\/fr\/wp-json\/wp\/v2\/pages\/2377\/revisions\/3681"}],"up":[{"embeddable":true,"href":"https:\/\/advanis.net\/fr\/wp-json\/wp\/v2\/pages\/2369"}],"wp:attachment":[{"href":"https:\/\/advanis.net\/fr\/wp-json\/wp\/v2\/media?parent=2377"}],"curies":[{"name":"wp","href":"https:\/\/api.w.org\/{rel}","templated":true}]}}