{"id":2375,"date":"2022-10-16T16:53:05","date_gmt":"2022-10-16T16:53:05","guid":{"rendered":"https:\/\/advanis.net\/travaux-publies\/"},"modified":"2023-06-29T16:52:18","modified_gmt":"2023-06-29T16:52:18","slug":"travaux-publies","status":"publish","type":"page","link":"https:\/\/advanis.net\/fr\/travaux-publies\/","title":{"rendered":"TRAVAUX PUBLI\u00c9S"},"content":{"rendered":"\t\t<div data-elementor-type=\"wp-page\" data-elementor-id=\"2375\" class=\"elementor elementor-2375 elementor-674\" data-elementor-post-type=\"page\">\n\t\t\t\t\t\t<section class=\"elementor-section elementor-top-section elementor-element elementor-element-82b7303 elementor-section-boxed elementor-section-height-default elementor-section-height-default\" data-id=\"82b7303\" data-element_type=\"section\">\n\t\t\t\t\t\t<div class=\"elementor-container elementor-column-gap-default\">\n\t\t\t\t\t<div class=\"elementor-column elementor-col-100 elementor-top-column elementor-element elementor-element-7289e4f5\" data-id=\"7289e4f5\" data-element_type=\"column\">\n\t\t\t<div class=\"elementor-widget-wrap elementor-element-populated\">\n\t\t\t\t\t\t<section class=\"elementor-section elementor-inner-section elementor-element elementor-element-b11cd9f elementor-section-boxed elementor-section-height-default elementor-section-height-default\" data-id=\"b11cd9f\" data-element_type=\"section\">\n\t\t\t\t\t\t<div class=\"elementor-container elementor-column-gap-default\">\n\t\t\t\t\t<div class=\"elementor-column elementor-col-50 elementor-inner-column elementor-element elementor-element-eb474a1\" data-id=\"eb474a1\" data-element_type=\"column\">\n\t\t\t<div class=\"elementor-widget-wrap elementor-element-populated\">\n\t\t\t\t\t\t<div class=\"elementor-element elementor-element-223c092 elementor-widget elementor-widget-heading\" data-id=\"223c092\" data-element_type=\"widget\" data-widget_type=\"heading.default\">\n\t\t\t\t<div class=\"elementor-widget-container\">\n\t\t\t\t\t<h2 class=\"elementor-heading-title elementor-size-default\">Travaux Publi\u00e9s (avec les clients)<\/h2>\t\t\t\t<\/div>\n\t\t\t\t<\/div>\n\t\t\t\t<div class=\"elementor-element elementor-element-1bcd570 elementor-widget elementor-widget-text-editor\" data-id=\"1bcd570\" data-element_type=\"widget\" data-widget_type=\"text-editor.default\">\n\t\t\t\t<div class=\"elementor-widget-container\">\n\t\t\t\t\t\t\t\t\t<p>Plusieurs de nos projets compl\u00e9t\u00e9s pour des organismes, les gouvernements et des soci\u00e9t\u00e9s d\u2019\u00c9tat ont fait l\u2019objet d\u2019une diffusion. Les r\u00e9sultats de certains de nos travaux sont disponibles en cliquant ci-dessous. <\/p>\n\t\t\t\t\t\t\t\t<\/div>\n\t\t\t\t<\/div>\n\t\t\t\t<div class=\"elementor-element elementor-element-36ee1ab elementor-widget elementor-widget-eael-creative-button\" data-id=\"36ee1ab\" data-element_type=\"widget\" data-widget_type=\"eael-creative-button.default\">\n\t\t\t\t<div class=\"elementor-widget-container\">\n\t\t\t\t\t        <div class=\"eael-creative-button-wrapper\">\n\n            <a class=\"eael-creative-button eael-creative-button--wayra\" href=\"https:\/\/advanis.net\/fr\/published-work\/travaux-publies-avec-les-clients\/\" data-text=\"Allez-y !\">\n            \t    \n                <div class=\"creative-button-inner\">\n\n                    \n                    <span class=\"cretive-button-text\">En savoir davantage<span class=\"reddot\">.<\/span><\/span>\n\n                                    <\/div>\n\t                        <\/a>\n        <\/div>\n        \t\t\t\t<\/div>\n\t\t\t\t<\/div>\n\t\t\t\t\t<\/div>\n\t\t<\/div>\n\t\t\t\t<div class=\"elementor-column elementor-col-50 elementor-inner-column elementor-element elementor-element-eccea36\" data-id=\"eccea36\" data-element_type=\"column\">\n\t\t\t<div class=\"elementor-widget-wrap elementor-element-populated\">\n\t\t\t\t\t\t<div class=\"elementor-element elementor-element-62e4acd elementor-widget elementor-widget-image\" data-id=\"62e4acd\" data-element_type=\"widget\" data-widget_type=\"image.default\">\n\t\t\t\t<div class=\"elementor-widget-container\">\n\t\t\t\t\t\t\t\t\t\t\t\t\t\t\t<img fetchpriority=\"high\" decoding=\"async\" width=\"768\" height=\"510\" src=\"https:\/\/advanis.net\/wp-content\/uploads\/2022\/11\/publishedwork-768x510.jpg\" class=\"attachment-medium_large size-medium_large wp-image-2280\" alt=\"\" srcset=\"https:\/\/advanis.net\/wp-content\/uploads\/2022\/11\/publishedwork-768x510.jpg 768w, https:\/\/advanis.net\/wp-content\/uploads\/2022\/11\/publishedwork-300x199.jpg 300w, https:\/\/advanis.net\/wp-content\/uploads\/2022\/11\/publishedwork-1024x680.jpg 1024w, https:\/\/advanis.net\/wp-content\/uploads\/2022\/11\/publishedwork-1536x1019.jpg 1536w, https:\/\/advanis.net\/wp-content\/uploads\/2022\/11\/publishedwork.jpg 1692w\" sizes=\"(max-width: 768px) 100vw, 768px\" title=\"\">\t\t\t\t\t\t\t\t\t\t\t\t\t\t\t<\/div>\n\t\t\t\t<\/div>\n\t\t\t\t\t<\/div>\n\t\t<\/div>\n\t\t\t\t\t<\/div>\n\t\t<\/section>\n\t\t\t\t<section class=\"elementor-section elementor-inner-section elementor-element elementor-element-1580cba elementor-section-boxed elementor-section-height-default elementor-section-height-default\" data-id=\"1580cba\" data-element_type=\"section\">\n\t\t\t\t\t\t<div class=\"elementor-container elementor-column-gap-default\">\n\t\t\t\t\t<div class=\"elementor-column elementor-col-50 elementor-inner-column elementor-element elementor-element-e127ab3\" data-id=\"e127ab3\" data-element_type=\"column\">\n\t\t\t<div class=\"elementor-widget-wrap elementor-element-populated\">\n\t\t\t\t\t\t<div class=\"elementor-element elementor-element-e2398d6 elementor-widget elementor-widget-image\" data-id=\"e2398d6\" data-element_type=\"widget\" data-widget_type=\"image.default\">\n\t\t\t\t<div class=\"elementor-widget-container\">\n\t\t\t\t\t\t\t\t\t\t\t\t\t\t\t<img decoding=\"async\" width=\"800\" height=\"266\" src=\"https:\/\/advanis.net\/wp-content\/uploads\/2022\/11\/1500x500-1024x341.jpeg\" class=\"attachment-large size-large wp-image-2278\" alt=\"\" srcset=\"https:\/\/advanis.net\/wp-content\/uploads\/2022\/11\/1500x500-1024x341.jpeg 1024w, https:\/\/advanis.net\/wp-content\/uploads\/2022\/11\/1500x500-300x100.jpeg 300w, https:\/\/advanis.net\/wp-content\/uploads\/2022\/11\/1500x500-768x256.jpeg 768w, https:\/\/advanis.net\/wp-content\/uploads\/2022\/11\/1500x500.jpeg 1500w\" sizes=\"(max-width: 800px) 100vw, 800px\" title=\"\">\t\t\t\t\t\t\t\t\t\t\t\t\t\t\t<\/div>\n\t\t\t\t<\/div>\n\t\t\t\t\t<\/div>\n\t\t<\/div>\n\t\t\t\t<div class=\"elementor-column elementor-col-50 elementor-inner-column elementor-element elementor-element-5e28dc7\" data-id=\"5e28dc7\" data-element_type=\"column\">\n\t\t\t<div class=\"elementor-widget-wrap elementor-element-populated\">\n\t\t\t\t\t\t<div class=\"elementor-element elementor-element-6c243e8 elementor-widget elementor-widget-heading\" data-id=\"6c243e8\" data-element_type=\"widget\" data-widget_type=\"heading.default\">\n\t\t\t\t<div class=\"elementor-widget-container\">\n\t\t\t\t\t<h2 class=\"elementor-heading-title elementor-size-default\">Recherche auto-financ\u00e9e<\/h2>\t\t\t\t<\/div>\n\t\t\t\t<\/div>\n\t\t\t\t<div class=\"elementor-element elementor-element-1917d61 elementor-widget elementor-widget-text-editor\" data-id=\"1917d61\" data-element_type=\"widget\" data-widget_type=\"text-editor.default\">\n\t\t\t\t<div class=\"elementor-widget-container\">\n\t\t\t\t\t\t\t\t\t<p>Advanis m\u00e8ne \u00e9galement de nombreuses \u00e9tudes sur des sujets qui int\u00e9ressent nos clients, comme l&rsquo;itin\u00e9rance \u00e0 la taxe carbone aux services de police. Les r\u00e9sultats de ces \u00e9tudes sont disponibles en cliquant ci-dessous.<span style=\"color: var( --e-global-color-primary ); font-family: var( --e-global-typography-text-font-family ), Sans-serif; font-weight: var( --e-global-typography-text-font-weight ); font-size: 1rem;\"><\/span> <\/p>\n\t\t\t\t\t\t\t\t<\/div>\n\t\t\t\t<\/div>\n\t\t\t\t<div class=\"elementor-element elementor-element-78b0e92 elementor-widget elementor-widget-eael-creative-button\" data-id=\"78b0e92\" data-element_type=\"widget\" data-widget_type=\"eael-creative-button.default\">\n\t\t\t\t<div class=\"elementor-widget-container\">\n\t\t\t\t\t        <div class=\"eael-creative-button-wrapper\">\n\n            <a class=\"eael-creative-button eael-creative-button--wayra\" href=\"https:\/\/advanis.net\/fr\/published-work\/recherche-auto-financee\/\" data-text=\"Allez-y !\">\n            \t    \n                <div class=\"creative-button-inner\">\n\n                    \n                    <span class=\"cretive-button-text\">En savoir davantage<span class=\"reddot\">.<\/span><\/span>\n\n                                    <\/div>\n\t                        <\/a>\n        <\/div>\n        \t\t\t\t<\/div>\n\t\t\t\t<\/div>\n\t\t\t\t\t<\/div>\n\t\t<\/div>\n\t\t\t\t\t<\/div>\n\t\t<\/section>\n\t\t\t\t<section class=\"elementor-section elementor-inner-section elementor-element elementor-element-1498db0 elementor-section-boxed elementor-section-height-default elementor-section-height-default\" data-id=\"1498db0\" data-element_type=\"section\">\n\t\t\t\t\t\t<div class=\"elementor-container elementor-column-gap-default\">\n\t\t\t\t\t<div class=\"elementor-column elementor-col-50 elementor-inner-column elementor-element elementor-element-6121ee0\" data-id=\"6121ee0\" data-element_type=\"column\" data-settings=\"{&quot;background_background&quot;:&quot;classic&quot;}\">\n\t\t\t<div class=\"elementor-widget-wrap elementor-element-populated\">\n\t\t\t\t\t\t<div class=\"elementor-element elementor-element-2ef4614 elementor-view-default elementor-widget elementor-widget-icon\" data-id=\"2ef4614\" data-element_type=\"widget\" data-widget_type=\"icon.default\">\n\t\t\t\t<div class=\"elementor-widget-container\">\n\t\t\t\t\t\t\t<div class=\"elementor-icon-wrapper\">\n\t\t\t<div class=\"elementor-icon\">\n\t\t\t<i aria-hidden=\"true\" class=\"far fa-envelope\"><\/i>\t\t\t<\/div>\n\t\t<\/div>\n\t\t\t\t\t\t<\/div>\n\t\t\t\t<\/div>\n\t\t\t\t<div class=\"elementor-element elementor-element-ae3175c elementor-widget elementor-widget-text-editor\" data-id=\"ae3175c\" data-element_type=\"widget\" data-widget_type=\"text-editor.default\">\n\t\t\t\t<div class=\"elementor-widget-container\">\n\t\t\t\t\t\t\t\t\t<div class=\"col-sm-6 border-right\">\n<div class=\"service\">\n<div class=\"col-sm-6 border-right\">\n<div class=\"service\">\n<p class=\"alt-paragraph\">Contacter <b>Nicolas<\/b> pour savoir comment Advanis aide les organisations.<\/p>\n<\/div>\n<\/div>\n<\/div>\n<\/div>\n\t\t\t\t\t\t\t\t<\/div>\n\t\t\t\t<\/div>\n\t\t\t\t<div class=\"elementor-element elementor-element-c1f84a8 elementor-widget elementor-widget-eael-creative-button\" data-id=\"c1f84a8\" data-element_type=\"widget\" data-widget_type=\"eael-creative-button.default\">\n\t\t\t\t<div class=\"elementor-widget-container\">\n\t\t\t\t\t        <div class=\"eael-creative-button-wrapper\">\n\n            <a class=\"eael-creative-button eael-creative-button--wayra\" href=\"mailto:ntoutant@advanis.net\" data-text=\"Allez-y !\">\n            \t    \n                <div class=\"creative-button-inner\">\n\n                    \n                    <span class=\"cretive-button-text\">Envoyer un courriel<\/span>\n\n                                    <\/div>\n\t                        <\/a>\n        <\/div>\n        \t\t\t\t<\/div>\n\t\t\t\t<\/div>\n\t\t\t\t\t<\/div>\n\t\t<\/div>\n\t\t<!-- hidden column 2375-c064a1d -->\t\t\t<\/div>\n\t\t<\/section>\n\t\t\t\t\t<\/div>\n\t\t<\/div>\n\t\t\t\t\t<\/div>\n\t\t<\/section>\n\t\t\t\t<\/div>\n\t\t","protected":false},"excerpt":{"rendered":"<p>Travaux Publi\u00e9s (avec les clients) Plusieurs de nos projets compl\u00e9t\u00e9s pour des organismes, les gouvernements et des soci\u00e9t\u00e9s d\u2019\u00c9tat ont fait l\u2019objet d\u2019une diffusion. Les r\u00e9sultats de certains de nos travaux sont disponibles en cliquant ci-dessous. En savoir davantage. Recherche auto-financ\u00e9e Advanis m\u00e8ne \u00e9galement de nombreuses \u00e9tudes sur des sujets qui int\u00e9ressent nos clients, comme [&hellip;]<\/p>\n","protected":false},"author":4,"featured_media":2159,"parent":0,"menu_order":0,"comment_status":"closed","ping_status":"closed","template":"","meta":{"_acf_changed":false,"footnotes":""},"class_list":["post-2375","page","type-page","status-publish","has-post-thumbnail","hentry"],"acf":[],"_links":{"self":[{"href":"https:\/\/advanis.net\/fr\/wp-json\/wp\/v2\/pages\/2375","targetHints":{"allow":["GET"]}}],"collection":[{"href":"https:\/\/advanis.net\/fr\/wp-json\/wp\/v2\/pages"}],"about":[{"href":"https:\/\/advanis.net\/fr\/wp-json\/wp\/v2\/types\/page"}],"author":[{"embeddable":true,"href":"https:\/\/advanis.net\/fr\/wp-json\/wp\/v2\/users\/4"}],"replies":[{"embeddable":true,"href":"https:\/\/advanis.net\/fr\/wp-json\/wp\/v2\/comments?post=2375"}],"version-history":[{"count":46,"href":"https:\/\/advanis.net\/fr\/wp-json\/wp\/v2\/pages\/2375\/revisions"}],"predecessor-version":[{"id":3023,"href":"https:\/\/advanis.net\/fr\/wp-json\/wp\/v2\/pages\/2375\/revisions\/3023"}],"wp:featuredmedia":[{"embeddable":true,"href":"https:\/\/advanis.net\/fr\/wp-json\/wp\/v2\/media\/2159"}],"wp:attachment":[{"href":"https:\/\/advanis.net\/fr\/wp-json\/wp\/v2\/media?parent=2375"}],"curies":[{"name":"wp","href":"https:\/\/api.w.org\/{rel}","templated":true}]}}