{"id":2373,"date":"2022-09-10T21:15:48","date_gmt":"2022-09-10T21:15:48","guid":{"rendered":"https:\/\/advanis.net\/recherche-secteur-prive\/"},"modified":"2026-01-23T18:51:57","modified_gmt":"2026-01-23T18:51:57","slug":"recherche-secteur-prive","status":"publish","type":"page","link":"https:\/\/advanis.net\/fr\/recherche-secteur-prive\/","title":{"rendered":"RECHERCHE SECTEUR PRIV\u00c9"},"content":{"rendered":"\t\t<div data-elementor-type=\"wp-page\" data-elementor-id=\"2373\" class=\"elementor elementor-2373 elementor-325\" data-elementor-post-type=\"page\">\n\t\t\t\t\t\t<section class=\"elementor-section elementor-top-section elementor-element elementor-element-6c7065be elementor-section-boxed elementor-section-height-default elementor-section-height-default\" data-id=\"6c7065be\" data-element_type=\"section\">\n\t\t\t\t\t\t<div class=\"elementor-container elementor-column-gap-default\">\n\t\t\t\t\t<div class=\"elementor-column elementor-col-50 elementor-top-column elementor-element elementor-element-11a2f08c\" data-id=\"11a2f08c\" data-element_type=\"column\">\n\t\t\t<div class=\"elementor-widget-wrap elementor-element-populated\">\n\t\t\t\t\t\t<div class=\"elementor-element elementor-element-5f8298b4 elementor-widget elementor-widget-text-editor\" data-id=\"5f8298b4\" data-element_type=\"widget\" data-widget_type=\"text-editor.default\">\n\t\t\t\t<div class=\"elementor-widget-container\">\n\t\t\t\t\t\t\t\t\t<p><strong>Soyez plus comp\u00e9titif. Dirigez avec confiance. <\/strong><\/p><p>La concurrence est f\u00e9roce, les march\u00e9s sont satur\u00e9s et les attentes des clients sont plus \u00e9lev\u00e9es que jamais. Les marques challengers inondent le march\u00e9. La croissance stagne, et votre besoin de clart\u00e9 et de prises de d\u00e9cision efficaces n&rsquo;a jamais \u00e9t\u00e9 aussi grand.<br><br>Si vous faites partie d&rsquo;une \u00e9quipe de recherche r\u00e9duite mais efficace, qui souhaite avoir un impact sur l&rsquo;organisation gr\u00e2ce \u00e0 des \u00e9tudes men\u00e9es avec rigueur et soin qui mettent l&rsquo;accent sur la strat\u00e9gie, alors nous sommes votre partenaire id\u00e9al. En collaborant avec Advanis, vous b\u00e9n\u00e9ficiez de l&rsquo;expertise de sp\u00e9cialistes chevronn\u00e9s qui travaillent \u00e0 vos c\u00f4t\u00e9s et qui abordent chaque mission avec un regard neuf et intersectoriel, d\u00e9couvrant comment et pourquoi les clients choisissent, restent fid\u00e8les et investissent, et vous aidant \u00e0 prendre de meilleures d\u00e9cisions d\u2019affaires.<br>Travaillons ensemble pour vous aider \u00e0 mieux comprendre votre march\u00e9, \u00e0 prendre des d\u00e9cisions \u00e9clair\u00e9es en mati\u00e8re de marketing, de d\u00e9veloppement de produits et de services, et \u00e0 communiquer ces d\u00e9cisions de mani\u00e8re convaincante \u00e0 l&rsquo;ensemble de votre organisation.     <\/p><p><strong>Flexible. Personnalis\u00e9. Exploitable.  <\/strong><br>Dans le march\u00e9 actuel, vous ne pouvez vous permettre de rester longtemps dans l&rsquo;erreur. Vous pouvez compter sur Advanis pour vous offrir la clart\u00e9 et les r\u00e9sultats exploitables n\u00e9cessaires pour comprendre vos clients d&rsquo;aujourd&rsquo;hui et anticiper leurs besoins de demain. Advanis ne propose pas de solutions \u00ab toutes faites \u00bb; elle con\u00e7oit des solutions de recherche adapt\u00e9es \u00e0 votre entreprise.  <\/p><p>Chez Advanis, nous ma\u00eetrisons un large \u00e9ventail de m\u00e9thodes quantitatives, qualitatives et analytiques. Nous collaborons \u00e9troitement avec nos clients pour s\u00e9lectionner les outils les plus appropri\u00e9s afin d\u2019atteindre leurs objectifs de recherche. D\u00e9couvrez nos <a href=\"https:\/\/advanis.net\/fr\/services\/\">services<\/a>.  <\/p><p>Advanis est \u00e9galement sp\u00e9cialis\u00e9e en <a href=\"https:\/\/advanis.net\/fr\/recherche-sociale\/\">recherche sociale et enqu\u00eates publiques<\/a> pour le secteur public.<\/p>\t\t\t\t\t\t\t\t<\/div>\n\t\t\t\t<\/div>\n\t\t\t\t\t<\/div>\n\t\t<\/div>\n\t\t\t\t<div class=\"elementor-column elementor-col-50 elementor-top-column elementor-element elementor-element-fd1a869\" data-id=\"fd1a869\" data-element_type=\"column\">\n\t\t\t<div class=\"elementor-widget-wrap elementor-element-populated\">\n\t\t\t\t\t\t<section class=\"elementor-section elementor-inner-section elementor-element elementor-element-fca507d elementor-section-boxed elementor-section-height-default elementor-section-height-default\" data-id=\"fca507d\" data-element_type=\"section\" data-settings=\"{&quot;background_background&quot;:&quot;classic&quot;}\">\n\t\t\t\t\t\t<div class=\"elementor-container elementor-column-gap-default\">\n\t\t\t\t\t<div class=\"elementor-column elementor-col-100 elementor-inner-column elementor-element elementor-element-71da4d0\" data-id=\"71da4d0\" data-element_type=\"column\">\n\t\t\t<div class=\"elementor-widget-wrap elementor-element-populated\">\n\t\t\t\t\t\t<div class=\"elementor-element elementor-element-aea6d48 elementor-view-default elementor-widget elementor-widget-icon\" data-id=\"aea6d48\" data-element_type=\"widget\" data-widget_type=\"icon.default\">\n\t\t\t\t<div class=\"elementor-widget-container\">\n\t\t\t\t\t\t\t<div class=\"elementor-icon-wrapper\">\n\t\t\t<div class=\"elementor-icon\">\n\t\t\t<i aria-hidden=\"true\" class=\"far fa-envelope\"><\/i>\t\t\t<\/div>\n\t\t<\/div>\n\t\t\t\t\t\t<\/div>\n\t\t\t\t<\/div>\n\t\t\t\t<div class=\"elementor-element elementor-element-7602361 elementor-widget elementor-widget-text-editor\" data-id=\"7602361\" data-element_type=\"widget\" data-widget_type=\"text-editor.default\">\n\t\t\t\t<div class=\"elementor-widget-container\">\n\t\t\t\t\t\t\t\t\tContacter Nicolas pour savoir comment Advanis peut personnaliser un projet de recherche pour vous.\t\t\t\t\t\t\t\t<\/div>\n\t\t\t\t<\/div>\n\t\t\t\t<div class=\"elementor-element elementor-element-8613db0 elementor-widget elementor-widget-eael-creative-button\" data-id=\"8613db0\" data-element_type=\"widget\" data-settings=\"{&quot;sticky&quot;:&quot;top&quot;,&quot;sticky_on&quot;:[&quot;desktop&quot;,&quot;tablet&quot;,&quot;mobile&quot;],&quot;sticky_offset&quot;:0,&quot;sticky_effects_offset&quot;:0,&quot;sticky_anchor_link_offset&quot;:0}\" data-widget_type=\"eael-creative-button.default\">\n\t\t\t\t<div class=\"elementor-widget-container\">\n\t\t\t\t\t        <div class=\"eael-creative-button-wrapper\">\n\n            <a class=\"eael-creative-button eael-creative-button--wayra\" href=\"mailto:ntoutant@advanis.net\" data-text=\"Allez-y !\">\n            \t    \n                <div class=\"creative-button-inner\">\n\n                    \n                    <span class=\"cretive-button-text\">Envoyer un courriel<\/span>\n\n                                    <\/div>\n\t                        <\/a>\n        <\/div>\n        \t\t\t\t<\/div>\n\t\t\t\t<\/div>\n\t\t\t\t\t<\/div>\n\t\t<\/div>\n\t\t\t\t\t<\/div>\n\t\t<\/section>\n\t\t\t\t\t<\/div>\n\t\t<\/div>\n\t\t\t\t\t<\/div>\n\t\t<\/section>\n\t\t\t\t<section class=\"elementor-section elementor-top-section elementor-element elementor-element-293cf38 elementor-section-boxed elementor-section-height-default elementor-section-height-default\" data-id=\"293cf38\" data-element_type=\"section\">\n\t\t\t\t\t\t<div class=\"elementor-container elementor-column-gap-default\">\n\t\t\t\t\t<div class=\"elementor-column elementor-col-100 elementor-top-column elementor-element elementor-element-817119b\" data-id=\"817119b\" data-element_type=\"column\">\n\t\t\t<div class=\"elementor-widget-wrap elementor-element-populated\">\n\t\t\t\t\t\t<div class=\"elementor-element elementor-element-cdb74ac elementor-grid-3 elementor-grid-tablet-2 elementor-grid-mobile-1 elementor-posts--thumbnail-top elementor-widget elementor-widget-posts\" data-id=\"cdb74ac\" data-element_type=\"widget\" data-settings=\"{&quot;classic_columns&quot;:&quot;3&quot;,&quot;classic_columns_tablet&quot;:&quot;2&quot;,&quot;classic_columns_mobile&quot;:&quot;1&quot;,&quot;classic_row_gap&quot;:{&quot;unit&quot;:&quot;px&quot;,&quot;size&quot;:35,&quot;sizes&quot;:[]},&quot;classic_row_gap_tablet&quot;:{&quot;unit&quot;:&quot;px&quot;,&quot;size&quot;:&quot;&quot;,&quot;sizes&quot;:[]},&quot;classic_row_gap_mobile&quot;:{&quot;unit&quot;:&quot;px&quot;,&quot;size&quot;:&quot;&quot;,&quot;sizes&quot;:[]}}\" data-widget_type=\"posts.classic\">\n\t\t\t\t<div class=\"elementor-widget-container\">\n\t\t\t\t\t\t\t<div class=\"elementor-posts-container elementor-posts elementor-posts--skin-classic elementor-grid\" role=\"list\">\n\t\t\t\t<article class=\"elementor-post elementor-grid-item post-2390 p_sector_research type-p_sector_research status-publish has-post-thumbnail hentry\" role=\"listitem\">\n\t\t\t\t<a class=\"elementor-post__thumbnail__link\" href=\"https:\/\/advanis.net\/fr\/private-sector-research\/finance-et-assurance\/\" tabindex=\"-1\" >\n\t\t\t<div class=\"elementor-post__thumbnail\"><img fetchpriority=\"high\" decoding=\"async\" width=\"768\" height=\"384\" src=\"https:\/\/advanis.net\/wp-content\/uploads\/2022\/09\/fotolia_99588132_subscription_monthly_m_0-768x384.jpg\" class=\"attachment-medium_large size-medium_large wp-image-2139\" alt=\"\" title=\"\" srcset=\"https:\/\/advanis.net\/wp-content\/uploads\/2022\/09\/fotolia_99588132_subscription_monthly_m_0-768x384.jpg 768w, https:\/\/advanis.net\/wp-content\/uploads\/2022\/09\/fotolia_99588132_subscription_monthly_m_0-300x150.jpg 300w, https:\/\/advanis.net\/wp-content\/uploads\/2022\/09\/fotolia_99588132_subscription_monthly_m_0-1024x512.jpg 1024w, https:\/\/advanis.net\/wp-content\/uploads\/2022\/09\/fotolia_99588132_subscription_monthly_m_0-1536x768.jpg 1536w, https:\/\/advanis.net\/wp-content\/uploads\/2022\/09\/fotolia_99588132_subscription_monthly_m_0.jpg 1949w\" sizes=\"(max-width: 768px) 100vw, 768px\" \/><\/div>\n\t\t<\/a>\n\t\t\t\t<div class=\"elementor-post__text\">\n\t\t\t\t<h3 class=\"elementor-post__title\">\n\t\t\t<a href=\"https:\/\/advanis.net\/fr\/private-sector-research\/finance-et-assurance\/\" >\n\t\t\t\tFinance et assurance\t\t\t<\/a>\n\t\t<\/h3>\n\t\t\t\t<\/div>\n\t\t\t\t<\/article>\n\t\t\t\t<article class=\"elementor-post elementor-grid-item post-2389 p_sector_research type-p_sector_research status-publish has-post-thumbnail hentry\" role=\"listitem\">\n\t\t\t\t<a class=\"elementor-post__thumbnail__link\" href=\"https:\/\/advanis.net\/fr\/private-sector-research\/commerce-de-detail\/\" tabindex=\"-1\" >\n\t\t\t<div class=\"elementor-post__thumbnail\"><img decoding=\"async\" width=\"768\" height=\"502\" src=\"https:\/\/advanis.net\/wp-content\/uploads\/2022\/09\/19000721_s-768x502.jpg\" class=\"attachment-medium_large size-medium_large wp-image-2141\" alt=\"\" title=\"\" srcset=\"https:\/\/advanis.net\/wp-content\/uploads\/2022\/09\/19000721_s-768x502.jpg 768w, https:\/\/advanis.net\/wp-content\/uploads\/2022\/09\/19000721_s-300x196.jpg 300w, https:\/\/advanis.net\/wp-content\/uploads\/2022\/09\/19000721_s.jpg 856w\" sizes=\"(max-width: 768px) 100vw, 768px\" \/><\/div>\n\t\t<\/a>\n\t\t\t\t<div class=\"elementor-post__text\">\n\t\t\t\t<h3 class=\"elementor-post__title\">\n\t\t\t<a href=\"https:\/\/advanis.net\/fr\/private-sector-research\/commerce-de-detail\/\" >\n\t\t\t\tCommerce de d\u00e9tail\t\t\t<\/a>\n\t\t<\/h3>\n\t\t\t\t<\/div>\n\t\t\t\t<\/article>\n\t\t\t\t<article class=\"elementor-post elementor-grid-item post-2388 p_sector_research type-p_sector_research status-publish has-post-thumbnail hentry\" role=\"listitem\">\n\t\t\t\t<a class=\"elementor-post__thumbnail__link\" href=\"https:\/\/advanis.net\/fr\/private-sector-research\/technologie\/\" tabindex=\"-1\" >\n\t\t\t<div class=\"elementor-post__thumbnail\"><img decoding=\"async\" width=\"768\" height=\"513\" src=\"https:\/\/advanis.net\/wp-content\/uploads\/2022\/10\/tech-768x513.jpg\" class=\"attachment-medium_large size-medium_large wp-image-2244\" alt=\"\" title=\"\" srcset=\"https:\/\/advanis.net\/wp-content\/uploads\/2022\/10\/tech-768x513.jpg 768w, https:\/\/advanis.net\/wp-content\/uploads\/2022\/10\/tech-300x200.jpg 300w, https:\/\/advanis.net\/wp-content\/uploads\/2022\/10\/tech-1024x683.jpg 1024w, https:\/\/advanis.net\/wp-content\/uploads\/2022\/10\/tech-1536x1025.jpg 1536w, https:\/\/advanis.net\/wp-content\/uploads\/2022\/10\/tech.jpg 1687w\" sizes=\"(max-width: 768px) 100vw, 768px\" \/><\/div>\n\t\t<\/a>\n\t\t\t\t<div class=\"elementor-post__text\">\n\t\t\t\t<h3 class=\"elementor-post__title\">\n\t\t\t<a href=\"https:\/\/advanis.net\/fr\/private-sector-research\/technologie\/\" >\n\t\t\t\tTechnologie\t\t\t<\/a>\n\t\t<\/h3>\n\t\t\t\t<\/div>\n\t\t\t\t<\/article>\n\t\t\t\t<article class=\"elementor-post elementor-grid-item post-2387 p_sector_research type-p_sector_research status-publish has-post-thumbnail hentry\" role=\"listitem\">\n\t\t\t\t<a class=\"elementor-post__thumbnail__link\" href=\"https:\/\/advanis.net\/fr\/private-sector-research\/telecommunications\/\" tabindex=\"-1\" >\n\t\t\t<div class=\"elementor-post__thumbnail\"><img loading=\"lazy\" decoding=\"async\" width=\"768\" height=\"512\" src=\"https:\/\/advanis.net\/wp-content\/uploads\/2022\/10\/mobile-users-768x512.png\" class=\"attachment-medium_large size-medium_large wp-image-2246\" alt=\"An image of many people using smartphones\" title=\"\" srcset=\"https:\/\/advanis.net\/wp-content\/uploads\/2022\/10\/mobile-users-768x512.png 768w, https:\/\/advanis.net\/wp-content\/uploads\/2022\/10\/mobile-users-300x200.png 300w, https:\/\/advanis.net\/wp-content\/uploads\/2022\/10\/mobile-users-1024x682.png 1024w, https:\/\/advanis.net\/wp-content\/uploads\/2022\/10\/mobile-users-1536x1023.png 1536w, https:\/\/advanis.net\/wp-content\/uploads\/2022\/10\/mobile-users.png 1698w\" sizes=\"(max-width: 768px) 100vw, 768px\" \/><\/div>\n\t\t<\/a>\n\t\t\t\t<div class=\"elementor-post__text\">\n\t\t\t\t<h3 class=\"elementor-post__title\">\n\t\t\t<a href=\"https:\/\/advanis.net\/fr\/private-sector-research\/telecommunications\/\" >\n\t\t\t\tT\u00e9l\u00e9communications\t\t\t<\/a>\n\t\t<\/h3>\n\t\t\t\t<\/div>\n\t\t\t\t<\/article>\n\t\t\t\t<article class=\"elementor-post elementor-grid-item post-2386 p_sector_research type-p_sector_research status-publish has-post-thumbnail hentry\" role=\"listitem\">\n\t\t\t\t<a class=\"elementor-post__thumbnail__link\" href=\"https:\/\/advanis.net\/fr\/private-sector-research\/transport-et-voyage\/\" tabindex=\"-1\" >\n\t\t\t<div class=\"elementor-post__thumbnail\"><img loading=\"lazy\" decoding=\"async\" width=\"768\" height=\"508\" src=\"https:\/\/advanis.net\/wp-content\/uploads\/2022\/10\/road-1030789_1920-768x508.jpg\" class=\"attachment-medium_large size-medium_large wp-image-2127\" alt=\"\" title=\"\" srcset=\"https:\/\/advanis.net\/wp-content\/uploads\/2022\/10\/road-1030789_1920-768x508.jpg 768w, https:\/\/advanis.net\/wp-content\/uploads\/2022\/10\/road-1030789_1920-300x199.jpg 300w, https:\/\/advanis.net\/wp-content\/uploads\/2022\/10\/road-1030789_1920-1024x678.jpg 1024w, https:\/\/advanis.net\/wp-content\/uploads\/2022\/10\/road-1030789_1920-1536x1017.jpg 1536w, https:\/\/advanis.net\/wp-content\/uploads\/2022\/10\/road-1030789_1920.jpg 1920w\" sizes=\"(max-width: 768px) 100vw, 768px\" \/><\/div>\n\t\t<\/a>\n\t\t\t\t<div class=\"elementor-post__text\">\n\t\t\t\t<h3 class=\"elementor-post__title\">\n\t\t\t<a href=\"https:\/\/advanis.net\/fr\/private-sector-research\/transport-et-voyage\/\" >\n\t\t\t\tTransport et Voyage\t\t\t<\/a>\n\t\t<\/h3>\n\t\t\t\t<\/div>\n\t\t\t\t<\/article>\n\t\t\t\t<article class=\"elementor-post elementor-grid-item post-2385 p_sector_research type-p_sector_research status-publish has-post-thumbnail hentry\" role=\"listitem\">\n\t\t\t\t<a class=\"elementor-post__thumbnail__link\" href=\"https:\/\/advanis.net\/fr\/private-sector-research\/restauration\/\" tabindex=\"-1\" >\n\t\t\t<div class=\"elementor-post__thumbnail\"><img loading=\"lazy\" decoding=\"async\" width=\"768\" height=\"512\" src=\"https:\/\/advanis.net\/wp-content\/uploads\/2022\/10\/brick-wall-1834784_1920-768x512.jpg\" class=\"attachment-medium_large size-medium_large wp-image-2121\" alt=\"\" title=\"\" srcset=\"https:\/\/advanis.net\/wp-content\/uploads\/2022\/10\/brick-wall-1834784_1920-768x512.jpg 768w, https:\/\/advanis.net\/wp-content\/uploads\/2022\/10\/brick-wall-1834784_1920-300x200.jpg 300w, https:\/\/advanis.net\/wp-content\/uploads\/2022\/10\/brick-wall-1834784_1920-1024x682.jpg 1024w, https:\/\/advanis.net\/wp-content\/uploads\/2022\/10\/brick-wall-1834784_1920-1536x1023.jpg 1536w, https:\/\/advanis.net\/wp-content\/uploads\/2022\/10\/brick-wall-1834784_1920.jpg 1920w\" sizes=\"(max-width: 768px) 100vw, 768px\" \/><\/div>\n\t\t<\/a>\n\t\t\t\t<div class=\"elementor-post__text\">\n\t\t\t\t<h3 class=\"elementor-post__title\">\n\t\t\t<a href=\"https:\/\/advanis.net\/fr\/private-sector-research\/restauration\/\" >\n\t\t\t\tRestauration\t\t\t<\/a>\n\t\t<\/h3>\n\t\t\t\t<\/div>\n\t\t\t\t<\/article>\n\t\t\t\t<article class=\"elementor-post elementor-grid-item post-3885 p_sector_research type-p_sector_research status-publish has-post-thumbnail hentry\" role=\"listitem\">\n\t\t\t\t<a class=\"elementor-post__thumbnail__link\" href=\"https:\/\/advanis.net\/fr\/private-sector-research\/sante-et-technologies-medicales\/\" tabindex=\"-1\" >\n\t\t\t<div class=\"elementor-post__thumbnail\"><img loading=\"lazy\" decoding=\"async\" width=\"720\" height=\"405\" src=\"https:\/\/advanis.net\/wp-content\/uploads\/2026\/02\/Presentation1.png\" class=\"attachment-medium_large size-medium_large wp-image-3878\" alt=\"\" title=\"\" srcset=\"https:\/\/advanis.net\/wp-content\/uploads\/2026\/02\/Presentation1.png 720w, https:\/\/advanis.net\/wp-content\/uploads\/2026\/02\/Presentation1-300x169.png 300w\" sizes=\"(max-width: 720px) 100vw, 720px\" \/><\/div>\n\t\t<\/a>\n\t\t\t\t<div class=\"elementor-post__text\">\n\t\t\t\t<h3 class=\"elementor-post__title\">\n\t\t\t<a href=\"https:\/\/advanis.net\/fr\/private-sector-research\/sante-et-technologies-medicales\/\" >\n\t\t\t\tSant\u00e9 et technologies m\u00e9dicales\t\t\t<\/a>\n\t\t<\/h3>\n\t\t\t\t<\/div>\n\t\t\t\t<\/article>\n\t\t\t\t<\/div>\n\t\t\n\t\t\t\t\t\t<\/div>\n\t\t\t\t<\/div>\n\t\t\t\t\t<\/div>\n\t\t<\/div>\n\t\t\t\t\t<\/div>\n\t\t<\/section>\n\t\t\t\t<\/div>\n\t\t","protected":false},"excerpt":{"rendered":"<p>Soyez plus comp\u00e9titif. Dirigez avec confiance. La concurrence est f\u00e9roce, les march\u00e9s sont satur\u00e9s et les attentes des clients sont plus \u00e9lev\u00e9es que jamais. Les<\/p>\n","protected":false},"author":4,"featured_media":2130,"parent":0,"menu_order":0,"comment_status":"closed","ping_status":"closed","template":"","meta":{"_acf_changed":false,"footnotes":""},"class_list":["post-2373","page","type-page","status-publish","has-post-thumbnail","hentry"],"acf":[],"_links":{"self":[{"href":"https:\/\/advanis.net\/fr\/wp-json\/wp\/v2\/pages\/2373","targetHints":{"allow":["GET"]}}],"collection":[{"href":"https:\/\/advanis.net\/fr\/wp-json\/wp\/v2\/pages"}],"about":[{"href":"https:\/\/advanis.net\/fr\/wp-json\/wp\/v2\/types\/page"}],"author":[{"embeddable":true,"href":"https:\/\/advanis.net\/fr\/wp-json\/wp\/v2\/users\/4"}],"replies":[{"embeddable":true,"href":"https:\/\/advanis.net\/fr\/wp-json\/wp\/v2\/comments?post=2373"}],"version-history":[{"count":14,"href":"https:\/\/advanis.net\/fr\/wp-json\/wp\/v2\/pages\/2373\/revisions"}],"predecessor-version":[{"id":3830,"href":"https:\/\/advanis.net\/fr\/wp-json\/wp\/v2\/pages\/2373\/revisions\/3830"}],"wp:featuredmedia":[{"embeddable":true,"href":"https:\/\/advanis.net\/fr\/wp-json\/wp\/v2\/media\/2130"}],"wp:attachment":[{"href":"https:\/\/advanis.net\/fr\/wp-json\/wp\/v2\/media?parent=2373"}],"curies":[{"name":"wp","href":"https:\/\/api.w.org\/{rel}","templated":true}]}}