{"id":2371,"date":"2022-10-23T19:29:25","date_gmt":"2022-10-23T19:29:25","guid":{"rendered":"https:\/\/advanis.net\/participer-a-un-sondage\/declaration\/"},"modified":"2023-07-06T19:19:34","modified_gmt":"2023-07-06T19:19:34","slug":"declaration","status":"publish","type":"page","link":"https:\/\/advanis.net\/fr\/participer-a-un-sondage\/declaration\/","title":{"rendered":"D\u00e9claration"},"content":{"rendered":"\n<h2 class=\"wp-block-heading\">D\u00e9claration de conformit\u00e9 aux normes du CRIC<\/h2>\n\n\n\n<p>J\u2019atteste, \u00e0 la lumi\u00e8re de mes connaissances et apr\u00e8s avoir fait preuve de diligence raisonnable, que Advanis inc. a pass\u00e9 en revue les exigences du <a href=\"https:\/\/www.canadianresearchinsightscouncil.ca\/standards\/?lang=fr\" rel=\"nofollow noopener\" target=\"_blank\">Code canadien des \u00e9tudes de march\u00e9, \u00e9tudes sociales et d\u2019opinion et de l\u2019analytique des donn\u00e9es (\u00ab Code du CRIC \u00bb)<\/a> et les <a href=\"https:\/\/www.canadianresearchinsightscouncil.ca\/standards\/rop\/?lang=fr\" rel=\"nofollow noopener\" target=\"_blank\">Normes et exigences de divulgation en mati\u00e8re de recherche sur l\u2019opinion publique du CRIC<\/a> et que Advanis inc. respecte enti\u00e8rement les normes du CRIC. En suivant les normes du CRIC, Advanis inc. s\u2019engage aussi \u00e0 respecter l\u2019Engagement du <a href=\"https:\/\/www.canadianresearchinsightscouncil.ca\/?lang=fr\" rel=\"nofollow noopener\" target=\"_blank\">CRIC aupr\u00e8s des Canadiens<\/a>. <\/p>\n\n\n\n<p><em>Michael Williams<\/em><\/p>\n\n\n\n<p>Nom du ou de la PDG : Michael Williams<\/p>\n\n\n\n<p>Date: 31 Mai, 2022<\/p>\n\n\n\n<p><\/p>\n\n\n\n<p><\/p>\n\n\n\n<h2 class=\"wp-block-heading\">D\u00e9claration de conformit\u00e9 du ou de la PDG quant \u00e0 la norme ISO 20252:2019<\/h2>\n\n\n\n<figure class=\"wp-block-table\"><table><thead><tr><th scope=\"col\">&nbsp;<\/th><th class=\"has-text-align-center\" data-align=\"center\" scope=\"col\">Non offert<\/th><th class=\"has-text-align-center\" data-align=\"center\" scope=\"col\">Offert directement ou par l\u2019interm\u00e9diaire de sous-traitants<\/th><\/tr><\/thead><tbody><tr><td><strong>Annexe A \u2013 \u00c9chantillonnage, y compris \u00ab access panels \u00bb<\/strong> services d\u2019\u00e9chantillonnage, comme la conception ou la fourniture d\u2019\u00e9chantillons probabilistes ou non probabilistes.<\/td><td class=\"has-text-align-center\" data-align=\"center\">&nbsp;<\/td><td class=\"has-text-align-center\" data-align=\"center\"><strong>x<\/strong><\/td><\/tr><tr><td><strong>Annexe B \u2013 Travail de terrain<\/strong> : services quantitatifs ou qualitatifs offerts au moyen de travailleurs ou de mod\u00e9rateurs sur le terrain.<\/td><td class=\"has-text-align-center\" data-align=\"center\">&nbsp;<\/td><td class=\"has-text-align-center\" data-align=\"center\"><strong>x<\/strong><\/td><\/tr><tr><td><strong>Annexe C \u2013 Observation physique :<\/strong> collecte de donn\u00e9es effectu\u00e9e par l\u2019observation, que ce soit en personne ou par vid\u00e9o, pour \u00e9tudier notamment le comportement, les habitudes, les activit\u00e9s, les relations, les opinions exprim\u00e9es ou le rendement de personnes ou de groupes; la collecte s\u2019effectue sans l\u2019utilisation de questions directes et dans l\u2019environnement physique (\u00e0 l\u2019exception de l\u2019observation en ligne).<\/td><td class=\"has-text-align-center\" data-align=\"center\"><strong>x<\/strong><\/td><td class=\"has-text-align-center\" data-align=\"center\">&nbsp;<\/td><\/tr><tr><td><strong>Annexe D-Observation num\u00e9rique : collecte de donn\u00e9es au moyen de m\u00e9thodes passives en ligne, comme l\u2019utilisation d\u2019outils d\u2019analytique Web ou de surveillance des appareils.<\/strong><\/td><td class=\"has-text-align-center\" data-align=\"center\"><strong>x<\/strong><\/td><td class=\"has-text-align-center\" data-align=\"center\">&nbsp;<\/td><\/tr><tr><td><strong>Annexe E-Questionnaire auto-administr\u00e9 : collecte de donn\u00e9es au moyen de m\u00e9thodes auto-administr\u00e9es, avec ou sans l\u2019utilisation de panels (en ligne ou hors ligne).<\/strong><\/td><td class=\"has-text-align-center\" data-align=\"center\">&nbsp;<\/td><td class=\"has-text-align-center\" data-align=\"center\"><strong>x<\/strong><\/td><\/tr><tr><td><strong>Annexe F-Gestion et traitement des donn\u00e9es :<\/strong> services de gestion et de traitement des donn\u00e9es, comme l\u2019\u00e9puration des donn\u00e9es, le codage, la production de tableaux de donn\u00e9es et l\u2019analyse des donn\u00e9es.<\/td><td class=\"has-text-align-center\" data-align=\"center\">&nbsp;<\/td><td class=\"has-text-align-center\" data-align=\"center\"><strong>x<\/strong><\/td><\/tr><\/tbody><\/table><\/figure>\n\n\n\n<p>Je d\u00e9clare, \u00e0 la lumi\u00e8re de mes connaissances et apr\u00e8s avoir fait preuve de diligence raisonnable, que Advanis, Inc. a pass\u00e9 en revue les exigences contenues dans la <a href=\"https:\/\/www.iso.org\/standard\/73671.html\" rel=\"nofollow noopener\" target=\"_blank\">norme ISO 20252:2019.<\/a> Je d\u00e9clare que l\u2019entreprise r\u00e9pond aux principales exigences \u00e9num\u00e9r\u00e9es dans la section 4 et les annexes pour les services qu\u2019elle offre directement ou par l\u2019interm\u00e9diaire de sous-traitants, comme indiqu\u00e9 dans le tableau ci-dessus.<\/p>\n\n\n\n<p><em>Michael Williams<\/em><\/p>\n\n\n\n<p>Nom du ou de la PDG : Michael Williams<\/p>\n\n\n\n<p>Date: October 11, 2022<\/p>\n","protected":false},"excerpt":{"rendered":"<p>D\u00e9claration de conformit\u00e9 aux normes du CRIC J\u2019atteste, \u00e0 la lumi\u00e8re de mes connaissances et apr\u00e8s avoir fait preuve de diligence raisonnable, que Advanis inc. a pass\u00e9 en revue les exigences du Code canadien des \u00e9tudes de march\u00e9, \u00e9tudes sociales et d\u2019opinion et de l\u2019analytique des donn\u00e9es (\u00ab Code du CRIC \u00bb) et les Normes [&hellip;]<\/p>\n","protected":false},"author":4,"featured_media":0,"parent":2369,"menu_order":0,"comment_status":"closed","ping_status":"closed","template":"","meta":{"_acf_changed":false,"footnotes":""},"class_list":["post-2371","page","type-page","status-publish","hentry"],"acf":[],"_links":{"self":[{"href":"https:\/\/advanis.net\/fr\/wp-json\/wp\/v2\/pages\/2371","targetHints":{"allow":["GET"]}}],"collection":[{"href":"https:\/\/advanis.net\/fr\/wp-json\/wp\/v2\/pages"}],"about":[{"href":"https:\/\/advanis.net\/fr\/wp-json\/wp\/v2\/types\/page"}],"author":[{"embeddable":true,"href":"https:\/\/advanis.net\/fr\/wp-json\/wp\/v2\/users\/4"}],"replies":[{"embeddable":true,"href":"https:\/\/advanis.net\/fr\/wp-json\/wp\/v2\/comments?post=2371"}],"version-history":[{"count":11,"href":"https:\/\/advanis.net\/fr\/wp-json\/wp\/v2\/pages\/2371\/revisions"}],"predecessor-version":[{"id":3112,"href":"https:\/\/advanis.net\/fr\/wp-json\/wp\/v2\/pages\/2371\/revisions\/3112"}],"up":[{"embeddable":true,"href":"https:\/\/advanis.net\/fr\/wp-json\/wp\/v2\/pages\/2369"}],"wp:attachment":[{"href":"https:\/\/advanis.net\/fr\/wp-json\/wp\/v2\/media?parent=2371"}],"curies":[{"name":"wp","href":"https:\/\/api.w.org\/{rel}","templated":true}]}}