{"id":2369,"date":"2022-10-19T22:28:26","date_gmt":"2022-10-19T22:28:26","guid":{"rendered":"https:\/\/advanis.net\/participer-a-un-sondage\/"},"modified":"2023-06-29T18:26:30","modified_gmt":"2023-06-29T18:26:30","slug":"participer-a-un-sondage","status":"publish","type":"page","link":"https:\/\/advanis.net\/fr\/participer-a-un-sondage\/","title":{"rendered":"Participer \u00c0 Un Sondage"},"content":{"rendered":"\t\t<div data-elementor-type=\"wp-page\" data-elementor-id=\"2369\" class=\"elementor elementor-2369 elementor-809\" data-elementor-post-type=\"page\">\n\t\t\t\t\t\t<section class=\"elementor-section elementor-top-section elementor-element elementor-element-e669965 elementor-section-boxed elementor-section-height-default elementor-section-height-default\" data-id=\"e669965\" data-element_type=\"section\">\n\t\t\t\t\t\t<div class=\"elementor-container elementor-column-gap-default\">\n\t\t\t\t\t<div class=\"elementor-column elementor-col-100 elementor-top-column elementor-element elementor-element-505e2fd\" data-id=\"505e2fd\" data-element_type=\"column\">\n\t\t\t<div class=\"elementor-widget-wrap elementor-element-populated\">\n\t\t\t\t\t\t<div class=\"elementor-element elementor-element-466f7bc elementor-widget elementor-widget-text-editor\" data-id=\"466f7bc\" data-element_type=\"widget\" data-widget_type=\"text-editor.default\">\n\t\t\t\t<div class=\"elementor-widget-container\">\n\t\t\t\t\t\t\t\t\t<p>Avez-vous \u00e9t\u00e9 invit\u00e9 \u00e0 participer \u00e0 une enqu\u00eate men\u00e9e par Advanis? Nous vous remercions pour votre collaboration. Advanis a \u00e9t\u00e9 mandat\u00e9 par plusieurs entreprises du secteur priv\u00e9 et des organisations du secteur public qui effectuent des recherches pour mieux comprendre les consommateurs et le grand public. Vos r\u00e9ponses aideront ces organismes \u00e0 mieux servir le public dans l&rsquo;avenir.<\/p><p><img decoding=\"async\" class=\"size-full wp-image-811 alignright\" src=\"https:\/\/advanis.net\/wp-content\/uploads\/2022\/10\/large_cric_seal.png\" alt=\"\" width=\"180\" height=\"180\" title=\"\" srcset=\"https:\/\/advanis.net\/wp-content\/uploads\/2022\/10\/large_cric_seal.png 180w, https:\/\/advanis.net\/wp-content\/uploads\/2022\/10\/large_cric_seal-150x150.png 150w\" sizes=\"(max-width: 180px) 100vw, 180px\" \/>Vos r\u00e9ponses sont confidentielles et seront combin\u00e9es avec celles des autres r\u00e9pondants, sans aucune mention de votre nom ou identifiant. La vie priv\u00e9e est tr\u00e8s importante pour nous. Veuillez consulter notre <a href=\"https:\/\/advanis.net\/fr\/privacy-policy\/fr\/\">politique de confidentialit\u00e9<\/a>. Si vous avez des questions au sujet de la recherche, vous pouvez nous contacter \u00e0 l&rsquo;adresse courriel fournie sur votre enqu\u00eate ou par courriel \u00e0 l&rsquo;adresse <a href=\"mailto:privacy@advanis.net\">privacy@advanis.net<\/a>.<\/p><p>Si vous avez besoin d&rsquo;aide pour remplir un sondage, envoyez un courriel \u00e0 <a href=\"mailto:sday@advanis.net%20?subject=Advanis%3A%20Participating%20in%20a%20Survey\">sday@advanis.net<\/a> ou appelez Sue Day au <a href=\"tel:(866)%20820-5163\" target=\"_blank\" rel=\"noopener\">800-636-3106<\/a>.<\/p><h3><strong>Notre engagement<\/strong><\/h3><p>Nous avons obtenu pour la premi\u00e8re fois le sceau d&rsquo;or de l&rsquo;Association canadienne de la <a href=\"https:\/\/www.canadianresearchinsightscouncil.ca\/wp-content\/uploads\/2020\/12\/Engagement-du-CRIC-aupres-des-Canadiens.pdf\" rel=\"nofollow noopener\" target=\"_blank\">recherche et de l&rsquo;intelligence<\/a> des march\u00e9s en 2009. Nous avons obtenu pour la premi\u00e8re fois le sceau d&rsquo;or de l&rsquo;Association canadienne de la recherche et de l&rsquo;intelligence des march\u00e9s en 2009. Depuis 2019, nous sommes membre du <a>Conseil canadien de veille<\/a> sur la recherche et adh\u00e9rons \u00e0 ses <a>normes \u00e9lev\u00e9es<\/a> dans toutes nos <a>recherches<\/a>. Nos projets r\u00e9alis\u00e9s au Canada sont enregistr\u00e9s aupr\u00e8s du <a href=\"https:\/\/www.canadianresearchinsightscouncil.ca\/rvs\/home\/?lang=fr\" rel=\"nofollow noopener\" target=\"_blank\">service de v\u00e9rification<\/a> du CRIC. En 2021, nos chercheurs et consultants les plus chevronn\u00e9s ont obtenu leur d\u00e9signation <a href=\"https:\/\/www.caip-paim.ca\/?lang=fr\" rel=\"nofollow noopener\" target=\"_blank\">PAIM<\/a> du <a href=\"https:\/\/www.canadianresearchinsightscouncil.ca\/?lang=fr\" rel=\"nofollow noopener\" target=\"_blank\">Conseil de recherche et d&rsquo;intelligence marketing Canadien<\/a> (CRIC) parce que nous sommes engag\u00e9s \u00e0 maintenir nos normes \u00e9lev\u00e9es.<\/p><p>Bien que les lois puissent varier dans les communaut\u00e9s o\u00f9 Advanis exerce ses activit\u00e9s, nous nous engageons \u00e0 fournir nos services d&rsquo;une mani\u00e8re qui respecte la dignit\u00e9 et l&rsquo;ind\u00e9pendance des personnes ayant des limitations fonctionnelles.<\/p>\t\t\t\t\t\t\t\t<\/div>\n\t\t\t\t<\/div>\n\t\t<!-- hidden section 2369-0a707b4 -->\t\t<div class=\"elementor-element elementor-element-d85c604 elementor-widget elementor-widget-text-editor\" data-id=\"d85c604\" data-element_type=\"widget\" data-widget_type=\"text-editor.default\">\n\t\t\t\t<div class=\"elementor-widget-container\">\n\t\t\t\t\t\t\t\t\t<p><span style=\"color: var( --e-global-color-primary ); font-family: var( --e-global-typography-text-font-family ), Sans-serif; font-weight: var( --e-global-typography-text-font-weight ); font-size: 1rem;\"> <\/span><span style=\"color: var( --e-global-color-primary ); font-family: var( --e-global-typography-text-font-family ), Sans-serif; font-weight: var( --e-global-typography-text-font-weight ); font-size: 1rem;\">Advanis s\u2019engage \u00e0 permettre un acc\u00e8s et une participation aux enqu\u00eates aupr\u00e8s des personnes ayant des d\u00e9ficiences visuelles ou auditives. Nos sondages Web sont conformes aux normes WCAG 2.0, nos entrevues t\u00e9l\u00e9phoniques peuvent \u00eatre effectu\u00e9es avec l\u2019aide de services de relais et nous offrons plusieurs m\u00e9thodes aux r\u00e9pondants pour compl\u00e9ter les sondages. L\u2019assistance est disponible par courriel \u00e0   <\/span><a style=\"font-family: var( --e-global-typography-text-font-family ), Sans-serif; background-color: #ffffff; font-size: 1rem;\" href=\"mailto:sday@advanis.net\" target=\"_blank\" rel=\"noopener\">sday@advanis.net<\/a> <span style=\"color: var( --e-global-color-primary ); font-family: var( --e-global-typography-text-font-family ), Sans-serif; font-weight: var( --e-global-typography-text-font-weight ); font-size: 1rem;\">ou par t\u00e9l\u00e9phone au<\/span> <a style=\"font-family: var( --e-global-typography-text-font-family ), Sans-serif; background-color: #ffffff; font-size: 1rem;\" href=\"tel:(866)%20820-5163\" target=\"_blank\" rel=\"noopener\">800-636-3106<\/a><span style=\"color: var( --e-global-color-primary ); font-family: var( --e-global-typography-text-font-family ), Sans-serif; font-weight: var( --e-global-typography-text-font-weight ); font-size: 1rem;\">.<\/span><\/p>\n<div> <\/div>\n<h3 class=\"job-buttons\"><strong>Si vous souhaitez vous retirer des \u00e9tudes men\u00e9es<\/strong><\/h3>\n<div class=\"job-buttons\">Si vous souhaitez vous retirer des \u00e9tudes men\u00e9es pour d\u2019autres compagnies sur lesquelles Advanis travaille, veuillez suivre le lien dans l&rsquo;invitation envoy\u00e9e par courriel. <\/div>\n<div class=\"job-buttons\">Si vous souhaitez vous retirer de l\u2019ensemble des recherches futures qui seront men\u00e9es par Advanis, veuillez envoyer un courriel \u00e0 <a href=\"mailto:dnc@advanis.net\">dnc@advanis.net<\/a> en indiquant \u00ab Me retirer \u00bb dans l\u2019objet.<\/div>\n<div class=\"job-buttons\">Dans ce courriel, veuillez fournir votre num\u00e9ro de t\u00e9l\u00e9phone afin que nous puissions vous identifier dans notre base de donn\u00e9es, ou le num\u00e9ro de projet indiqu\u00e9 dans votre courriel.<\/div>\n<div class=\"job-buttons\">Vous pouvez aussi laisser un message vocal mentionnant que vous souhaitez vous retirer de nos \u00e9tudes, en utilisant notre num\u00e9ro sans frais <a href=\"tel:8889449212\" target=\"_blank\" rel=\"noopener\">(800)-636-<\/a><a href=\"tel:8889449212\">3106<\/a>. Nous vous ajouterons ensuite \u00e0 notre liste noire afin que vous ne soyez plus contact\u00e9 \u00e0 l&rsquo;avenir.<\/div><\/p>\n\t\t\t\t\t\t\t\t<\/div>\n\t\t\t\t<\/div>\n\t\t\t\t\t<\/div>\n\t\t<\/div>\n\t\t\t\t\t<\/div>\n\t\t<\/section>\n\t\t\t\t<section class=\"elementor-section elementor-top-section elementor-element elementor-element-b73f2b5 elementor-section-boxed elementor-section-height-default elementor-section-height-default\" data-id=\"b73f2b5\" data-element_type=\"section\">\n\t\t\t\t\t\t<div class=\"elementor-container elementor-column-gap-default\">\n\t\t\t\t\t<div class=\"elementor-column elementor-col-33 elementor-top-column elementor-element elementor-element-4f0ec9a\" data-id=\"4f0ec9a\" data-element_type=\"column\">\n\t\t\t<div class=\"elementor-widget-wrap elementor-element-populated\">\n\t\t\t\t\t\t<div class=\"elementor-element elementor-element-d700683 elementor-widget elementor-widget-eael-creative-button\" data-id=\"d700683\" data-element_type=\"widget\" data-widget_type=\"eael-creative-button.default\">\n\t\t\t\t<div class=\"elementor-widget-container\">\n\t\t\t\t\t        <div class=\"eael-creative-button-wrapper\">\n\n            <a class=\"eael-creative-button eael-creative-button--wayra\" href=\"https:\/\/advanis.net\/fr\/privacy-policy\/fr\/\" data-text=\"\">\n            \t    \n                <div class=\"creative-button-inner\">\n\n                                            <span class=\"eael-creative-button-icon-left\"><i aria-hidden=\"true\" class=\"far fa-arrow-alt-circle-right\"><\/i><\/span>                    \n                    <span class=\"cretive-button-text\">Politique de confidentialit\u00e9\u200b<span class=\"reddot\">.<\/span><\/span>\n\n                                    <\/div>\n\t                        <\/a>\n        <\/div>\n        \t\t\t\t<\/div>\n\t\t\t\t<\/div>\n\t\t\t\t\t<\/div>\n\t\t<\/div>\n\t\t\t\t<div class=\"elementor-column elementor-col-33 elementor-top-column elementor-element elementor-element-37a08dc\" data-id=\"37a08dc\" data-element_type=\"column\">\n\t\t\t<div class=\"elementor-widget-wrap elementor-element-populated\">\n\t\t\t\t\t\t<div class=\"elementor-element elementor-element-9f16f2c elementor-widget elementor-widget-eael-creative-button\" data-id=\"9f16f2c\" data-element_type=\"widget\" data-widget_type=\"eael-creative-button.default\">\n\t\t\t\t<div class=\"elementor-widget-container\">\n\t\t\t\t\t        <div class=\"eael-creative-button-wrapper\">\n\n            <a class=\"eael-creative-button eael-creative-button--wayra\" href=\"https:\/\/advanis.net\/fr\/participer-a-un-sondage\/politique-de-securite-de-linformation\/\" data-text=\"\">\n            \t    \n                <div class=\"creative-button-inner\">\n\n                                            <span class=\"eael-creative-button-icon-left\"><i aria-hidden=\"true\" class=\"far fa-arrow-alt-circle-right\"><\/i><\/span>                    \n                    <span class=\"cretive-button-text\">Politique de S\u00e9curit\u00e9 de l\u2019Information<span class=\"reddot\">.<\/span><\/span>\n\n                                    <\/div>\n\t                        <\/a>\n        <\/div>\n        \t\t\t\t<\/div>\n\t\t\t\t<\/div>\n\t\t\t\t\t<\/div>\n\t\t<\/div>\n\t\t\t\t<div class=\"elementor-column elementor-col-33 elementor-top-column elementor-element elementor-element-b28a4c3\" data-id=\"b28a4c3\" data-element_type=\"column\">\n\t\t\t<div class=\"elementor-widget-wrap elementor-element-populated\">\n\t\t\t\t\t\t<div class=\"elementor-element elementor-element-35a51b3 elementor-widget elementor-widget-eael-creative-button\" data-id=\"35a51b3\" data-element_type=\"widget\" data-widget_type=\"eael-creative-button.default\">\n\t\t\t\t<div class=\"elementor-widget-container\">\n\t\t\t\t\t        <div class=\"eael-creative-button-wrapper\">\n\n            <a class=\"eael-creative-button eael-creative-button--wayra\" href=\"https:\/\/advanis.net\/fr\/participer-a-un-sondage\/declaration\/\" data-text=\"\">\n            \t    \n                <div class=\"creative-button-inner\">\n\n                                            <span class=\"eael-creative-button-icon-left\"><i aria-hidden=\"true\" class=\"far fa-arrow-alt-circle-right\"><\/i><\/span>                    \n                    <span class=\"cretive-button-text\">D\u00e9claration<span class=\"reddot\">.<\/span><\/span>\n\n                                    <\/div>\n\t                        <\/a>\n        <\/div>\n        \t\t\t\t<\/div>\n\t\t\t\t<\/div>\n\t\t\t\t\t<\/div>\n\t\t<\/div>\n\t\t\t\t\t<\/div>\n\t\t<\/section>\n\t\t\t\t<\/div>\n\t\t","protected":false},"excerpt":{"rendered":"<p>Avez-vous \u00e9t\u00e9 invit\u00e9 \u00e0 participer \u00e0 une enqu\u00eate men\u00e9e par Advanis? Nous vous remercions pour votre collaboration. Advanis a \u00e9t\u00e9 mandat\u00e9 par plusieurs entreprises du secteur priv\u00e9 et des organisations du secteur public qui effectuent des recherches pour mieux comprendre les consommateurs et le grand public. Vos r\u00e9ponses aideront ces organismes \u00e0 mieux servir le [&hellip;]<\/p>\n","protected":false},"author":4,"featured_media":0,"parent":0,"menu_order":0,"comment_status":"closed","ping_status":"closed","template":"","meta":{"_acf_changed":false,"footnotes":""},"class_list":["post-2369","page","type-page","status-publish","hentry"],"acf":[],"_links":{"self":[{"href":"https:\/\/advanis.net\/fr\/wp-json\/wp\/v2\/pages\/2369","targetHints":{"allow":["GET"]}}],"collection":[{"href":"https:\/\/advanis.net\/fr\/wp-json\/wp\/v2\/pages"}],"about":[{"href":"https:\/\/advanis.net\/fr\/wp-json\/wp\/v2\/types\/page"}],"author":[{"embeddable":true,"href":"https:\/\/advanis.net\/fr\/wp-json\/wp\/v2\/users\/4"}],"replies":[{"embeddable":true,"href":"https:\/\/advanis.net\/fr\/wp-json\/wp\/v2\/comments?post=2369"}],"version-history":[{"count":42,"href":"https:\/\/advanis.net\/fr\/wp-json\/wp\/v2\/pages\/2369\/revisions"}],"predecessor-version":[{"id":3074,"href":"https:\/\/advanis.net\/fr\/wp-json\/wp\/v2\/pages\/2369\/revisions\/3074"}],"wp:attachment":[{"href":"https:\/\/advanis.net\/fr\/wp-json\/wp\/v2\/media?parent=2369"}],"curies":[{"name":"wp","href":"https:\/\/api.w.org\/{rel}","templated":true}]}}