{"id":2363,"date":"2022-09-08T18:35:51","date_gmt":"2022-09-08T18:35:51","guid":{"rendered":"https:\/\/advanis.net\/advanis\/"},"modified":"2025-04-11T19:47:13","modified_gmt":"2025-04-11T19:47:13","slug":"advanis","status":"publish","type":"page","link":"https:\/\/advanis.net\/fr\/advanis\/","title":{"rendered":"Advanis"},"content":{"rendered":"<style>\/*! elementor - v3.10.0 - 09-01-2023 *\/\n.elementor-heading-title{padding:0;margin:0;line-height:1}.elementor-widget-heading .elementor-heading-title[class*=elementor-size-]>a{color:inherit;font-size:inherit;line-height:inherit}.elementor-widget-heading .elementor-heading-title.elementor-size-small{font-size:15px}.elementor-widget-heading .elementor-heading-title.elementor-size-medium{font-size:19px}.elementor-widget-heading .elementor-heading-title.elementor-size-large{font-size:29px}.elementor-widget-heading .elementor-heading-title.elementor-size-xl{font-size:39px}.elementor-widget-heading .elementor-heading-title.elementor-size-xxl{font-size:59px}<\/style>\n<h1>Nous sommes Advanis.<\/h1>\n<p>Une entreprise de recherche marketing et sociale reconnue pour son leadership en mati\u00e8re d\u2019innovations technologiques et la qualit\u00e9 de son service \u00e0 la client\u00e8le.<\/p>\n<p>            <a href=\"https:\/\/advanis.net\/fr\/travaux-publies\/\" data-text=\"\"><br \/>\n                    Travaux Publi\u00e9s.<br \/>\n\t                        <\/a><\/p>\n<style>\/*! elementor-pro - v3.10.1 - 09-01-2023 *\/\n.e-lottie__container{display:inline-block;max-width:var(--lottie-container-max-width);width:var(--lottie-container-width);opacity:var(--lottie-container-opacity)}.e-lottie__container:hover{opacity:var(--lottie-container-opacity-hover);transition-duration:var(--lottie-container-transition-duration-hover)}.e-lottie__container svg,.e-lottie__container svg *{transition:none!important}.e-lottie__caption{color:var(--caption-color);margin-top:var(--caption-margin-top);text-align:var(--caption-text-align)}<\/style>\n<style>\/*! elementor - v3.10.0 - 09-01-2023 *\/\n.elementor-widget-image{text-align:center}.elementor-widget-image a{display:inline-block}.elementor-widget-image a img[src$=\".svg\"]{width:48px}.elementor-widget-image img{vertical-align:middle;display:inline-block}<\/style>\n<p>\t\t\t\t\t\t\t\t\t\t\t\t<img loading=\"lazy\" decoding=\"async\" width=\"768\" height=\"1024\" src=\"https:\/\/advanis.net\/wp-content\/uploads\/2022\/11\/who_are_we_reception_waterloo-768x1024.jpg\" alt=\"\" loading=\"lazy\" srcset=\"https:\/\/advanis.net\/wp-content\/uploads\/2022\/11\/who_are_we_reception_waterloo-768x1024.jpg 768w, https:\/\/advanis.net\/wp-content\/uploads\/2022\/11\/who_are_we_reception_waterloo-225x300.jpg 225w, https:\/\/advanis.net\/wp-content\/uploads\/2022\/11\/who_are_we_reception_waterloo-1152x1536.jpg 1152w, https:\/\/advanis.net\/wp-content\/uploads\/2022\/11\/who_are_we_reception_waterloo-1536x2048.jpg 1536w, https:\/\/advanis.net\/wp-content\/uploads\/2022\/11\/who_are_we_reception_waterloo-scaled.jpg 1920w\" sizes=\"auto, (max-width: 768px) 100vw, 768px\" title=\"\"><br \/>\n\t\t\t\t\t\t\t\t\t\t\t\t\t\t\t<img loading=\"lazy\" decoding=\"async\" width=\"800\" height=\"450\" src=\"https:\/\/advanis.net\/wp-content\/uploads\/2022\/11\/who_are_we_office_edm-1024x576.jpg\" alt=\"\" loading=\"lazy\" srcset=\"https:\/\/advanis.net\/wp-content\/uploads\/2022\/11\/who_are_we_office_edm-1024x576.jpg 1024w, https:\/\/advanis.net\/wp-content\/uploads\/2022\/11\/who_are_we_office_edm-300x169.jpg 300w, https:\/\/advanis.net\/wp-content\/uploads\/2022\/11\/who_are_we_office_edm-768x432.jpg 768w, https:\/\/advanis.net\/wp-content\/uploads\/2022\/11\/who_are_we_office_edm-1536x864.jpg 1536w, https:\/\/advanis.net\/wp-content\/uploads\/2022\/11\/who_are_we_office_edm-2048x1152.jpg 2048w\" sizes=\"auto, (max-width: 800px) 100vw, 800px\" title=\"\"><br \/>\n\t\t\t\t\t\t\t\t\t\t\t\t\t\t\t<img loading=\"lazy\" decoding=\"async\" width=\"800\" height=\"534\" src=\"https:\/\/advanis.net\/wp-content\/uploads\/2022\/09\/2-1024x683.jpg\" alt=\"\" loading=\"lazy\" srcset=\"https:\/\/advanis.net\/wp-content\/uploads\/2022\/09\/2-1024x683.jpg 1024w, https:\/\/advanis.net\/wp-content\/uploads\/2022\/09\/2-300x200.jpg 300w, https:\/\/advanis.net\/wp-content\/uploads\/2022\/09\/2-768x512.jpg 768w, https:\/\/advanis.net\/wp-content\/uploads\/2022\/09\/2-1536x1024.jpg 1536w, https:\/\/advanis.net\/wp-content\/uploads\/2022\/09\/2.jpg 1600w\" sizes=\"auto, (max-width: 800px) 100vw, 800px\" title=\"\"><br \/>\n\t\t\t\t\t\t\t\t\t\t\t\t\t\t\t<img loading=\"lazy\" decoding=\"async\" width=\"768\" height=\"1024\" src=\"https:\/\/advanis.net\/wp-content\/uploads\/2022\/11\/who_are_we_boardroom_waterloo-768x1024.jpg\" alt=\"\" loading=\"lazy\" srcset=\"https:\/\/advanis.net\/wp-content\/uploads\/2022\/11\/who_are_we_boardroom_waterloo-768x1024.jpg 768w, https:\/\/advanis.net\/wp-content\/uploads\/2022\/11\/who_are_we_boardroom_waterloo-225x300.jpg 225w, https:\/\/advanis.net\/wp-content\/uploads\/2022\/11\/who_are_we_boardroom_waterloo-1152x1536.jpg 1152w, https:\/\/advanis.net\/wp-content\/uploads\/2022\/11\/who_are_we_boardroom_waterloo-1536x2048.jpg 1536w, https:\/\/advanis.net\/wp-content\/uploads\/2022\/11\/who_are_we_boardroom_waterloo-scaled.jpg 1920w\" sizes=\"auto, (max-width: 768px) 100vw, 768px\" title=\"\">\t\t\t\t\t\t\t\t\t\t\t\t\t\t\t<\/p>\n<h3>Qui sommes nous.<\/h3>\n<section id=\"info\">\n<p>En tant qu\u2019entreprise offrant une gamme compl\u00e8te de services de recherche, nos clients sont des entreprises du secteur priv\u00e9, des organismes \u00e0 but non lucratif, des organismes publics, des minist\u00e8res et des gouvernements. Nous nous consid\u00e9rons comme une firme \u00e9volutive, capable de fournir des programmes de suivi massif, de petites \u00e9tudes ou de la mod\u00e9lisation des choix discrets. Nous avons construit une organisation en mesure de r\u00e9aliser des projets \u00e0 l\u2019\u00e9chelle mondiale tout en offrant un service personnalis\u00e9 flexible.  <\/p>\n<\/section>\n<p>            <a href=\"https:\/\/advanis.net\/who-we-are\/\" text=\"\"><br \/>\n                    Qui sommes nous.<br \/>\n\t                        <\/a><\/p>\n<h3>Services.<\/h3>\n<style>\/*! elementor - v3.10.0 - 09-01-2023 *\/\n.elementor-toggle{text-align:left}.elementor-toggle .elementor-tab-title{font-weight:700;line-height:1;margin:0;padding:15px;border-bottom:1px solid #d4d4d4;cursor:pointer;outline:none}.elementor-toggle .elementor-tab-title .elementor-toggle-icon{display:inline-block;width:1em}.elementor-toggle .elementor-tab-title .elementor-toggle-icon svg{-webkit-margin-start:-5px;margin-inline-start:-5px;width:1em;height:1em}.elementor-toggle .elementor-tab-title .elementor-toggle-icon.elementor-toggle-icon-right{float:right;text-align:right}.elementor-toggle .elementor-tab-title .elementor-toggle-icon.elementor-toggle-icon-left{float:left;text-align:left}.elementor-toggle .elementor-tab-title .elementor-toggle-icon .elementor-toggle-icon-closed{display:block}.elementor-toggle .elementor-tab-title .elementor-toggle-icon .elementor-toggle-icon-opened{display:none}.elementor-toggle .elementor-tab-title.elementor-active{border-bottom:none}.elementor-toggle .elementor-tab-title.elementor-active .elementor-toggle-icon-closed{display:none}.elementor-toggle .elementor-tab-title.elementor-active .elementor-toggle-icon-opened{display:block}.elementor-toggle .elementor-tab-content{padding:15px;border-bottom:1px solid #d4d4d4;display:none}@media (max-width:767px){.elementor-toggle .elementor-tab-title{padding:12px}.elementor-toggle .elementor-tab-content{padding:12px 10px}}.e-con-inner>.elementor-widget-toggle,.e-con>.elementor-widget-toggle{width:var(--container-widget-width);--flex-grow:var(--container-widget-flex-grow)}<\/style>\n<p>\t\t\t\t\t\t\t\t\t\t\t\t<a href=\"\">Recherche Quantitative<\/a><\/p>\n<ul>\n<li><a href=\"https:\/\/advanis.net\/quantitative-data-collection\/online\/\">Sondage Web<\/a><\/li>\n<li><a href=\"https:\/\/advanis.net\/quantitative-data-collection\/cati\/\">Entrevues t\u00e9l\u00e9phoniques<\/a><\/li>\n<li><a href=\"https:\/\/advanis.net\/quantitative-data-collection\/mobile\/\">Collecte sur appareil mobile<\/a><\/li>\n<li><a href=\"https:\/\/advanis.net\/quantitative-data-collection\/ivr-sms\/\">RVI \/ SMS<\/a><\/li>\n<li><a href=\"https:\/\/advanis.net\/quantitative-data-collection\/sms-short-code-recruit-to-survey\/\">Code abr\u00e9g\u00e9 SMS<\/a><\/li>\n<li><a href=\"https:\/\/advanis.net\/quantitative-data-collection\/general-population-random-sample-gprs\/\">\u00c9chantillon populationnel al\u00e9atoire (EPA)<\/a><\/li>\n<li><a href=\"https:\/\/advanis.net\/quantitative-data-collection\/transcription-coding\/\">Transcription &amp; Codification<\/a><\/li>\n<li><a href=\"https:\/\/advanis.net\/quantitative-data-collection\/partnerships-data-collection\/\">Partenariats: Collecte de donn\u00e9es<\/a><\/li>\n<li><a href=\"https:\/\/advanis.net\/quantitative-data-collection\/api-surveys\/\">API Surveys<\/a><\/li>\n<\/ul>\n<p>\t\t\t\t\t\t\t\t\t\t\t\t<a href=\"\">Recherche Qualitative<\/a><\/p>\n<ul>\n<li><a href=\"https:\/\/advanis.net\/qualitative-research\/in-person-or-online-focus-groups\/\">Groupes de discussion en personne<\/a><\/li>\n<li><a href=\"https:\/\/advanis.net\/qualitative-research\/online-discussion-groups\/\">Groupes de discussion en ligne<\/a><\/li>\n<li><a href=\"https:\/\/advanis.net\/qualitative-research\/in-depth-interviews-idis\/\">Entrevues en profondeur<\/a><\/li>\n<\/ul>\n<p>\t\t\t\t\t\t\t\t\t\t\t\t<a href=\"\">Analyses<\/a><\/p>\n<ul>\n<li><a href=\"https:\/\/advanis.net\/analytics\/strategic-foresight-and-innovation\/\">Prospection strat\u00e9gique et innovation<\/a><\/li>\n<li><a href=\"https:\/\/advanis.net\/analytics\/client-experience-measurement\/\">Exp\u00e9rience client<\/a><\/li>\n<li><a href=\"https:\/\/advanis.net\/analytics\/segmentation\/\">Analyse par segments<\/a><\/li>\n<li><a href=\"https:\/\/advanis.net\/analytics\/pricing\/\">Analyse de tarification<\/a><\/li>\n<li><a href=\"https:\/\/advanis.net\/analytics\/product-service-design\/\">Conception de produit<\/a><\/li>\n<li><a href=\"https:\/\/advanis.net\/analytics\/program-evaluation\/\">\u00c9valuation de programme<\/a><\/li>\n<li><a href=\"https:\/\/advanis.net\/analytics\/usage-attitude-studies\/\">Profil de client\u00e8le<\/a><\/li>\n<li><a href=\"https:\/\/advanis.net\/analytics\/online-reporting-environments\/\">Portail d&#8217;analyse en ligne<\/a><\/li>\n<li><a href=\"https:\/\/advanis.net\/analytics\/stakeholder-engagement\/\">Engagement des parties prenantes<\/a><\/li>\n<li><a href=\"https:\/\/advanis.net\/analytics\/literature-review-and-jurisdictional-scan\/\">Analyse documentaire et analyse des comp\u00e9tences<\/a><\/li>\n<li><a href=\"https:\/\/advanis.net\/analytics\/partnerships-analytics\/\">Partenariat : Soutien \u00e0 l&#8217;analyse de donn\u00e9es<\/a><\/li>\n<\/ul>\n<p>\t\t\t\t\t\t\t\t\t\t\t\t<a href=\"\">Partenariats<\/a><\/p>\n<h3>Recherche Sociale.<\/h3>\n<section id=\"info\">\n<p>La recherche sociale est une composante importante du travail effectu\u00e9 par le secteur public.<br \/>\nLorsque vous effectuez des recherches sociales, vous avez besoin d&rsquo;un partenaire qui peut adh\u00e9rer aux normes les plus \u00e9lev\u00e9es en mati\u00e8re de qualit\u00e9 de la recherche, respecter les participants \u00e0 la recherche, et \u00e9galement avoir l&rsquo;envergure n\u00e9cessaire pour mener efficacement des recherches \u00e0 l&rsquo;\u00e9chelle nationale.<br \/>\n\u00c0 travers le Canada, Advanis a travaill\u00e9 avec environ 60 organisations ou minist\u00e8res du secteur public.  <\/p>\n<\/section>\n<p>            <a href=\"https:\/\/advanis.net\/social-and-public-research\/\" text=\"\">                    En savoir davantage.\t                        <\/a><\/p>\n<h3>Secteur Priv\u00e9.<\/h3>\n<section>\n<p>La connaissance des consommateurs et du march\u00e9, lorsqu\u2019elle est men\u00e9e par des consultants qui comprennent le comportement des consommateurs et les leviers qui rendent les affaires rentables, est inestimable. Elle vous permet de comprendre votre march\u00e9 cible, d\u2019affiner vos portefeuilles de produits et vos canaux de distribution, et de vous assurer que vous servez bien votre client\u00e8le.<\/p>\n<\/section>\n<p>            <a href=\"https:\/\/advanis.net\/private-sector-research\/\" text=\"\"><br \/>\n                    En savoir davantage.<br \/>\n\t                        <\/a><\/p>\n<h3>Blog.<\/h3>\n<p>Obtenez des informations sur le secteur et abonnez-vous \u00e0 nos mises \u00e0 jour mensuelles.<\/p>\n<h2>Abonnez-vous \u00e0 notre infolettre.<\/h2>\n<p>Advanis publie, quelques fois par ann\u00e9e, des id\u00e9es, des \u00e9tudes de cas et des informations sur les meilleures pratiques en recherche sociale et marketing.<\/p>\n<p>            <a href=\"https:\/\/info.advanis.net\/private-sector-newsletter\" data-text=\"\"><br \/>\n                    Bulletin du secteur priv\u00e9.<br \/>\n\t                        <\/a><br \/>\n            <a href=\"https:\/\/info.advanis.net\/public-sector-newsletter\" data-text=\"\"><br \/>\n                    Bulletin du secteur public.<br \/>\n\t                        <\/a><\/p>\n","protected":false},"excerpt":{"rendered":"<p>Nous sommes Advanis. Une entreprise de recherche marketing et sociale reconnue pour son leadership en mati\u00e8re d\u2019innovations technologiques et la qualit\u00e9 de son service \u00e0 la client\u00e8le. Travaux Publi\u00e9s. Qui sommes nous. En tant qu\u2019entreprise offrant une gamme compl\u00e8te de services de recherche, nos clients sont des entreprises du secteur priv\u00e9, des organismes \u00e0 but [&hellip;]<\/p>\n","protected":false},"author":4,"featured_media":0,"parent":0,"menu_order":0,"comment_status":"closed","ping_status":"closed","template":"elementor_header_footer","meta":{"_acf_changed":false,"footnotes":""},"class_list":["post-2363","page","type-page","status-publish","hentry"],"acf":[],"_links":{"self":[{"href":"https:\/\/advanis.net\/fr\/wp-json\/wp\/v2\/pages\/2363","targetHints":{"allow":["GET"]}}],"collection":[{"href":"https:\/\/advanis.net\/fr\/wp-json\/wp\/v2\/pages"}],"about":[{"href":"https:\/\/advanis.net\/fr\/wp-json\/wp\/v2\/types\/page"}],"author":[{"embeddable":true,"href":"https:\/\/advanis.net\/fr\/wp-json\/wp\/v2\/users\/4"}],"replies":[{"embeddable":true,"href":"https:\/\/advanis.net\/fr\/wp-json\/wp\/v2\/comments?post=2363"}],"version-history":[{"count":43,"href":"https:\/\/advanis.net\/fr\/wp-json\/wp\/v2\/pages\/2363\/revisions"}],"predecessor-version":[{"id":3778,"href":"https:\/\/advanis.net\/fr\/wp-json\/wp\/v2\/pages\/2363\/revisions\/3778"}],"wp:attachment":[{"href":"https:\/\/advanis.net\/fr\/wp-json\/wp\/v2\/media?parent=2363"}],"curies":[{"name":"wp","href":"https:\/\/api.w.org\/{rel}","templated":true}]}}