{"id":2361,"date":"2022-10-23T20:01:32","date_gmt":"2022-10-23T20:01:32","guid":{"rendered":"https:\/\/advanis.net\/analyses\/"},"modified":"2023-06-28T20:22:28","modified_gmt":"2023-06-28T20:22:28","slug":"analyses","status":"publish","type":"page","link":"https:\/\/advanis.net\/fr\/analyses\/","title":{"rendered":"Analyses"},"content":{"rendered":"\n<p>Les fondateurs d\u2019Advanis sont des leaders mondiaux dans le domaine de la mod\u00e9lisation des choix discrets (au point d\u2019avoir \u00e9crit <a href=\"https:\/\/books.google.ca\/books\/about\/Stated_Choice_Methods.html?id=nk8bpTjutPQC&amp;hl=en\" target=\"_blank\" rel=\"noreferrer noopener nofollow\">un livre<\/a> sur ce sujet). De cette expertise de d\u00e9part, nous avons constamment d\u00e9velopp\u00e9 et \u00e9largi notre offre en mati\u00e8re d\u2019analyse tant quantitative que qualitative.<\/p>\n","protected":false},"excerpt":{"rendered":"<p>Les fondateurs d\u2019Advanis sont des leaders mondiaux dans le domaine de la mod\u00e9lisation des choix discrets (au point d\u2019avoir \u00e9crit un livre sur ce sujet). De cette expertise de d\u00e9part, nous avons constamment d\u00e9velopp\u00e9 et \u00e9largi notre offre en mati\u00e8re d\u2019analyse tant quantitative que qualitative.<\/p>\n","protected":false},"author":4,"featured_media":2155,"parent":0,"menu_order":0,"comment_status":"closed","ping_status":"closed","template":"","meta":{"_acf_changed":false,"footnotes":""},"class_list":["post-2361","page","type-page","status-publish","has-post-thumbnail","hentry"],"acf":[],"_links":{"self":[{"href":"https:\/\/advanis.net\/fr\/wp-json\/wp\/v2\/pages\/2361","targetHints":{"allow":["GET"]}}],"collection":[{"href":"https:\/\/advanis.net\/fr\/wp-json\/wp\/v2\/pages"}],"about":[{"href":"https:\/\/advanis.net\/fr\/wp-json\/wp\/v2\/types\/page"}],"author":[{"embeddable":true,"href":"https:\/\/advanis.net\/fr\/wp-json\/wp\/v2\/users\/4"}],"replies":[{"embeddable":true,"href":"https:\/\/advanis.net\/fr\/wp-json\/wp\/v2\/comments?post=2361"}],"version-history":[{"count":4,"href":"https:\/\/advanis.net\/fr\/wp-json\/wp\/v2\/pages\/2361\/revisions"}],"predecessor-version":[{"id":2946,"href":"https:\/\/advanis.net\/fr\/wp-json\/wp\/v2\/pages\/2361\/revisions\/2946"}],"wp:featuredmedia":[{"embeddable":true,"href":"https:\/\/advanis.net\/fr\/wp-json\/wp\/v2\/media\/2155"}],"wp:attachment":[{"href":"https:\/\/advanis.net\/fr\/wp-json\/wp\/v2\/media?parent=2361"}],"curies":[{"name":"wp","href":"https:\/\/api.w.org\/{rel}","templated":true}]}}