{"id":2357,"date":"2022-09-08T18:35:50","date_gmt":"2022-09-08T18:35:50","guid":{"rendered":"https:\/\/advanis.net\/services\/"},"modified":"2023-06-29T18:21:08","modified_gmt":"2023-06-29T18:21:08","slug":"services","status":"publish","type":"page","link":"https:\/\/advanis.net\/fr\/services\/","title":{"rendered":"SERVICES"},"content":{"rendered":"\t\t<div data-elementor-type=\"wp-page\" data-elementor-id=\"2357\" class=\"elementor elementor-2357 elementor-57\" data-elementor-post-type=\"page\">\n\t\t\t\t\t\t<section class=\"elementor-section elementor-top-section elementor-element elementor-element-1473ade3 elementor-section-content-middle elementor-section-full_width elementor-reverse-mobile elementor-reverse-tablet elementor-section-height-default elementor-section-height-default\" data-id=\"1473ade3\" data-element_type=\"section\" data-settings=\"{&quot;background_background&quot;:&quot;classic&quot;}\">\n\t\t\t\t\t\t<div class=\"elementor-container elementor-column-gap-no\">\n\t\t\t\t\t<div class=\"elementor-column elementor-col-50 elementor-top-column elementor-element elementor-element-25c3ec9f\" data-id=\"25c3ec9f\" data-element_type=\"column\">\n\t\t\t<div class=\"elementor-widget-wrap elementor-element-populated\">\n\t\t\t\t\t\t<div class=\"elementor-element elementor-element-51f25c99 elementor-widget elementor-widget-image\" data-id=\"51f25c99\" data-element_type=\"widget\" data-widget_type=\"image.default\">\n\t\t\t\t<div class=\"elementor-widget-container\">\n\t\t\t\t\t\t\t\t\t\t\t\t\t\t\t<img fetchpriority=\"high\" decoding=\"async\" width=\"800\" height=\"635\" src=\"https:\/\/advanis.net\/wp-content\/uploads\/2023\/06\/services-1024x813.jpeg\" class=\"attachment-large size-large wp-image-3062\" alt=\"\" srcset=\"https:\/\/advanis.net\/wp-content\/uploads\/2023\/06\/services-1024x813.jpeg 1024w, https:\/\/advanis.net\/wp-content\/uploads\/2023\/06\/services-300x238.jpeg 300w, https:\/\/advanis.net\/wp-content\/uploads\/2023\/06\/services-768x610.jpeg 768w, https:\/\/advanis.net\/wp-content\/uploads\/2023\/06\/services-1536x1219.jpeg 1536w, https:\/\/advanis.net\/wp-content\/uploads\/2023\/06\/services-2048x1626.jpeg 2048w\" sizes=\"(max-width: 800px) 100vw, 800px\" title=\"\">\t\t\t\t\t\t\t\t\t\t\t\t\t\t\t<\/div>\n\t\t\t\t<\/div>\n\t\t\t\t\t<\/div>\n\t\t<\/div>\n\t\t\t\t<div class=\"elementor-column elementor-col-50 elementor-top-column elementor-element elementor-element-5ea5873d\" data-id=\"5ea5873d\" data-element_type=\"column\">\n\t\t\t<div class=\"elementor-widget-wrap elementor-element-populated\">\n\t\t\t\t\t\t<div class=\"elementor-element elementor-element-2c820d23 elementor-widget elementor-widget-heading\" data-id=\"2c820d23\" data-element_type=\"widget\" data-widget_type=\"heading.default\">\n\t\t\t\t<div class=\"elementor-widget-container\">\n\t\t\t\t\t<h1 class=\"elementor-heading-title elementor-size-default\">Services<span class=\"reddot\">.<\/span><\/h1>\t\t\t\t<\/div>\n\t\t\t\t<\/div>\n\t\t\t\t<div class=\"elementor-element elementor-element-1874671 elementor-widget elementor-widget-text-editor\" data-id=\"1874671\" data-element_type=\"widget\" data-widget_type=\"text-editor.default\">\n\t\t\t\t<div class=\"elementor-widget-container\">\n\t\t\t\t\t\t\t\t\t<p>Advanis offre une gamme compl\u00e8te de services en recherche sociale et en recherche de march\u00e9 ou sur les consommateurs. \u00c0 titre de consultant, nous aidons nos clients \u00e0 prendre des d\u00e9cisions \u00e9clair\u00e9es et ce, \u00e0 diff\u00e9rents stages de leur projet. Dans le cadre des mandats qui nous sont confi\u00e9s, nous pouvons contribuer \u00e0 identifier des besoins, comprendre des attitudes, r\u00e9aliser des segmentations et r\u00e9aliser des \u00e9valuations.  <\/p>\n<p><\/p>\t\t\t\t\t\t\t\t<\/div>\n\t\t\t\t<\/div>\n\t\t\t\t\t<\/div>\n\t\t<\/div>\n\t\t\t\t\t<\/div>\n\t\t<\/section>\n\t\t\t\t<section class=\"elementor-section elementor-top-section elementor-element elementor-element-baf3dcd elementor-section-items-stretch elementor-section-content-middle elementor-section-full_width elementor-section-height-min-height elementor-section-height-default\" data-id=\"baf3dcd\" data-element_type=\"section\" data-settings=\"{&quot;background_background&quot;:&quot;classic&quot;}\">\n\t\t\t\t\t\t<div class=\"elementor-container elementor-column-gap-no\">\n\t\t\t\t\t<div class=\"elementor-column elementor-col-50 elementor-top-column elementor-element elementor-element-1b392377\" data-id=\"1b392377\" data-element_type=\"column\">\n\t\t\t<div class=\"elementor-widget-wrap elementor-element-populated\">\n\t\t\t\t\t\t<div class=\"elementor-element elementor-element-68c3f3dc elementor-widget elementor-widget-heading\" data-id=\"68c3f3dc\" data-element_type=\"widget\" data-widget_type=\"heading.default\">\n\t\t\t\t<div class=\"elementor-widget-container\">\n\t\t\t\t\t<h2 class=\"elementor-heading-title elementor-size-default\">Analyses<\/h2>\t\t\t\t<\/div>\n\t\t\t\t<\/div>\n\t\t\t\t<div class=\"elementor-element elementor-element-6bd8748b elementor-widget elementor-widget-text-editor\" data-id=\"6bd8748b\" data-element_type=\"widget\" data-widget_type=\"text-editor.default\">\n\t\t\t\t<div class=\"elementor-widget-container\">\n\t\t\t\t\t\t\t\t\t<div class=\"field field-name-body field-type-text-with-summary field-label-hidden\">\n<div class=\"field-items\">\n<div class=\"field-item even\">\n<p>Les fondateurs d\u2019Advanis sont des leaders mondiaux dans le domaine de la mod\u00e9lisation des choix discrets (au point d\u2019avoir \u00e9crit <a href=\"https:\/\/books.google.ca\/books\/about\/Stated_Choice_Methods.html?id=nk8bpTjutPQC&amp;hl=en\" target=\"_blank\" rel=\"noopener nofollow\">un livre<\/a> sur ce sujet). De cette expertise de d\u00e9part, nous avons constamment d\u00e9velopp\u00e9 et \u00e9largi notre offre en mati\u00e8re d\u2019analyse, tant quantitative que qualitative.<\/p>\n<\/div>\n<\/div>\n<\/div>\n\t\t\t\t\t\t\t\t<\/div>\n\t\t\t\t<\/div>\n\t\t\t\t<div class=\"elementor-element elementor-element-3d10768 elementor-widget elementor-widget-eael-creative-button\" data-id=\"3d10768\" data-element_type=\"widget\" data-widget_type=\"eael-creative-button.default\">\n\t\t\t\t<div class=\"elementor-widget-container\">\n\t\t\t\t\t        <div class=\"eael-creative-button-wrapper\">\n\n            <a class=\"eael-creative-button eael-creative-button--wayra\" href=\"https:\/\/advanis.net\/fr\/analyses\/\" data-text=\"Allez-y !\">\n            \t    \n                <div class=\"creative-button-inner\">\n\n                                            <span class=\"eael-creative-button-icon-left\"><i aria-hidden=\"true\" class=\"far fa-arrow-alt-circle-right\"><\/i><\/span>                    \n                    <span class=\"cretive-button-text\">En savoir davantage<span class=\"reddot\">.<\/span><\/span>\n\n                                    <\/div>\n\t                        <\/a>\n        <\/div>\n        \t\t\t\t<\/div>\n\t\t\t\t<\/div>\n\t\t\t\t\t<\/div>\n\t\t<\/div>\n\t\t\t\t<div class=\"elementor-column elementor-col-50 elementor-top-column elementor-element elementor-element-5f79e92\" data-id=\"5f79e92\" data-element_type=\"column\">\n\t\t\t<div class=\"elementor-widget-wrap elementor-element-populated\">\n\t\t\t\t\t\t<div class=\"elementor-element elementor-element-5133c118 elementor-widget elementor-widget-image\" data-id=\"5133c118\" data-element_type=\"widget\" data-widget_type=\"image.default\">\n\t\t\t\t<div class=\"elementor-widget-container\">\n\t\t\t\t\t\t\t\t\t\t\t\t\t\t\t<img decoding=\"async\" width=\"800\" height=\"400\" src=\"https:\/\/advanis.net\/wp-content\/uploads\/2022\/10\/fotolia_99588132_subscription_monthly_m-1024x512.jpg\" class=\"attachment-large size-large wp-image-2155\" alt=\"\" srcset=\"https:\/\/advanis.net\/wp-content\/uploads\/2022\/10\/fotolia_99588132_subscription_monthly_m-1024x512.jpg 1024w, https:\/\/advanis.net\/wp-content\/uploads\/2022\/10\/fotolia_99588132_subscription_monthly_m-300x150.jpg 300w, https:\/\/advanis.net\/wp-content\/uploads\/2022\/10\/fotolia_99588132_subscription_monthly_m-768x384.jpg 768w, https:\/\/advanis.net\/wp-content\/uploads\/2022\/10\/fotolia_99588132_subscription_monthly_m-1536x768.jpg 1536w, https:\/\/advanis.net\/wp-content\/uploads\/2022\/10\/fotolia_99588132_subscription_monthly_m.jpg 1949w\" sizes=\"(max-width: 800px) 100vw, 800px\" title=\"\">\t\t\t\t\t\t\t\t\t\t\t\t\t\t\t<\/div>\n\t\t\t\t<\/div>\n\t\t\t\t\t<\/div>\n\t\t<\/div>\n\t\t\t\t\t<\/div>\n\t\t<\/section>\n\t\t\t\t<section class=\"elementor-section elementor-top-section elementor-element elementor-element-4e98532a elementor-section-items-stretch elementor-section-content-middle elementor-section-full_width elementor-reverse-mobile elementor-section-height-min-height elementor-section-height-default\" data-id=\"4e98532a\" data-element_type=\"section\" data-settings=\"{&quot;background_background&quot;:&quot;classic&quot;}\">\n\t\t\t\t\t\t<div class=\"elementor-container elementor-column-gap-no\">\n\t\t\t\t\t<div class=\"elementor-column elementor-col-50 elementor-top-column elementor-element elementor-element-265e176f\" data-id=\"265e176f\" data-element_type=\"column\">\n\t\t\t<div class=\"elementor-widget-wrap elementor-element-populated\">\n\t\t\t\t\t\t<div class=\"elementor-element elementor-element-424dda62 elementor-widget elementor-widget-image\" data-id=\"424dda62\" data-element_type=\"widget\" data-widget_type=\"image.default\">\n\t\t\t\t<div class=\"elementor-widget-container\">\n\t\t\t\t\t\t\t\t\t\t\t\t\t\t\t<img decoding=\"async\" width=\"800\" height=\"534\" src=\"https:\/\/advanis.net\/wp-content\/uploads\/2023\/06\/33999796_l_normal_none-1024x684.png\" class=\"attachment-large size-large wp-image-3057\" alt=\"\" srcset=\"https:\/\/advanis.net\/wp-content\/uploads\/2023\/06\/33999796_l_normal_none-1024x684.png 1024w, https:\/\/advanis.net\/wp-content\/uploads\/2023\/06\/33999796_l_normal_none-300x200.png 300w, https:\/\/advanis.net\/wp-content\/uploads\/2023\/06\/33999796_l_normal_none-768x513.png 768w, https:\/\/advanis.net\/wp-content\/uploads\/2023\/06\/33999796_l_normal_none-1536x1025.png 1536w, https:\/\/advanis.net\/wp-content\/uploads\/2023\/06\/33999796_l_normal_none-2048x1367.png 2048w\" sizes=\"(max-width: 800px) 100vw, 800px\" title=\"\">\t\t\t\t\t\t\t\t\t\t\t\t\t\t\t<\/div>\n\t\t\t\t<\/div>\n\t\t\t\t\t<\/div>\n\t\t<\/div>\n\t\t\t\t<div class=\"elementor-column elementor-col-50 elementor-top-column elementor-element elementor-element-4ae8649e\" data-id=\"4ae8649e\" data-element_type=\"column\">\n\t\t\t<div class=\"elementor-widget-wrap elementor-element-populated\">\n\t\t\t\t\t\t<div class=\"elementor-element elementor-element-4273e046 elementor-widget elementor-widget-heading\" data-id=\"4273e046\" data-element_type=\"widget\" data-widget_type=\"heading.default\">\n\t\t\t\t<div class=\"elementor-widget-container\">\n\t\t\t\t\t<h2 class=\"elementor-heading-title elementor-size-default\">Recherche Quantitative<\/h2>\t\t\t\t<\/div>\n\t\t\t\t<\/div>\n\t\t\t\t<div class=\"elementor-element elementor-element-64b30a10 elementor-widget elementor-widget-text-editor\" data-id=\"64b30a10\" data-element_type=\"widget\" data-widget_type=\"text-editor.default\">\n\t\t\t\t<div class=\"elementor-widget-container\">\n\t\t\t\t\t\t\t\t\t<p>Advanis est l\u2019une des entreprises canadiennes les plus innovantes en mati\u00e8re de collecte de donn\u00e9es. Nous poss\u00e9dons un centre d\u2019appels national de pointe, des infrastructures de t\u00e9l\u00e9communications avanc\u00e9es et nos outils de collecte de donn\u00e9es, tant pour le Web que la RVI, ainsi que notre portail d\u2019analyse en ligne sont \u00e0 la fine pointe de la technologie. <\/p>\n\t\t\t\t\t\t\t\t<\/div>\n\t\t\t\t<\/div>\n\t\t\t\t<div class=\"elementor-element elementor-element-d0dfd70 elementor-widget elementor-widget-eael-creative-button\" data-id=\"d0dfd70\" data-element_type=\"widget\" data-widget_type=\"eael-creative-button.default\">\n\t\t\t\t<div class=\"elementor-widget-container\">\n\t\t\t\t\t        <div class=\"eael-creative-button-wrapper\">\n\n            <a class=\"eael-creative-button eael-creative-button--wayra\" href=\"https:\/\/advanis.net\/fr\/recherche-quantitative\/\" data-text=\"Allez-y !\">\n            \t    \n                <div class=\"creative-button-inner\">\n\n                                            <span class=\"eael-creative-button-icon-left\"><i aria-hidden=\"true\" class=\"far fa-arrow-alt-circle-right\"><\/i><\/span>                    \n                    <span class=\"cretive-button-text\">En savoir davantage<span class=\"reddot\">.<\/span><\/span>\n\n                                    <\/div>\n\t                        <\/a>\n        <\/div>\n        \t\t\t\t<\/div>\n\t\t\t\t<\/div>\n\t\t\t\t\t<\/div>\n\t\t<\/div>\n\t\t\t\t\t<\/div>\n\t\t<\/section>\n\t\t\t\t<section class=\"elementor-section elementor-top-section elementor-element elementor-element-d154160 elementor-section-items-stretch elementor-section-content-middle elementor-section-full_width elementor-section-height-min-height elementor-section-height-default\" data-id=\"d154160\" data-element_type=\"section\" data-settings=\"{&quot;background_background&quot;:&quot;classic&quot;}\">\n\t\t\t\t\t\t<div class=\"elementor-container elementor-column-gap-no\">\n\t\t\t\t\t<div class=\"elementor-column elementor-col-50 elementor-top-column elementor-element elementor-element-5caefdae\" data-id=\"5caefdae\" data-element_type=\"column\">\n\t\t\t<div class=\"elementor-widget-wrap elementor-element-populated\">\n\t\t\t\t\t\t<div class=\"elementor-element elementor-element-6cd968e6 elementor-widget elementor-widget-heading\" data-id=\"6cd968e6\" data-element_type=\"widget\" data-widget_type=\"heading.default\">\n\t\t\t\t<div class=\"elementor-widget-container\">\n\t\t\t\t\t<h2 class=\"elementor-heading-title elementor-size-default\">Recherche Qualitative<\/h2>\t\t\t\t<\/div>\n\t\t\t\t<\/div>\n\t\t\t\t<div class=\"elementor-element elementor-element-712a43f3 elementor-widget elementor-widget-text-editor\" data-id=\"712a43f3\" data-element_type=\"widget\" data-widget_type=\"text-editor.default\">\n\t\t\t\t<div class=\"elementor-widget-container\">\n\t\t\t\t\t\t\t\t\t<p>Que ce soit pour mieux comprendre un ph\u00e9nom\u00e8ne o\u00f9 une situation pour laquelle les connaissances sont encore peu connues ou pour approfondir la compr\u00e9hension des comportements ou des opinions, la recherche qualitative offre plusieurs m\u00e9thodes de collecte et d\u2019analyse de donn\u00e9es. Ces m\u00e9thodes permettent d\u2019obtenir des donn\u00e9es descriptives qui sont difficilement quantifiables. Elles impliquent tout type de recherche ayant recours \u00e0 des informations non num\u00e9riques dont la vis\u00e9e est d\u2019explorer les caract\u00e9ristiques d\u2019individus ou de groupes que les m\u00e9thodes qualitatives seules ne pourraient obtenir. <\/p>\n\t\t\t\t\t\t\t\t<\/div>\n\t\t\t\t<\/div>\n\t\t\t\t<div class=\"elementor-element elementor-element-91b84d4 elementor-widget elementor-widget-eael-creative-button\" data-id=\"91b84d4\" data-element_type=\"widget\" data-widget_type=\"eael-creative-button.default\">\n\t\t\t\t<div class=\"elementor-widget-container\">\n\t\t\t\t\t        <div class=\"eael-creative-button-wrapper\">\n\n            <a class=\"eael-creative-button eael-creative-button--wayra\" href=\"https:\/\/advanis.net\/fr\/recherche-qualitative\/\" data-text=\"Allez-y !\">\n            \t    \n                <div class=\"creative-button-inner\">\n\n                                            <span class=\"eael-creative-button-icon-left\"><i aria-hidden=\"true\" class=\"far fa-arrow-alt-circle-right\"><\/i><\/span>                    \n                    <span class=\"cretive-button-text\">En savoir davantage<span class=\"reddot\">.<\/span><\/span>\n\n                                    <\/div>\n\t                        <\/a>\n        <\/div>\n        \t\t\t\t<\/div>\n\t\t\t\t<\/div>\n\t\t\t\t\t<\/div>\n\t\t<\/div>\n\t\t\t\t<div class=\"elementor-column elementor-col-50 elementor-top-column elementor-element elementor-element-7507e938\" data-id=\"7507e938\" data-element_type=\"column\">\n\t\t\t<div class=\"elementor-widget-wrap elementor-element-populated\">\n\t\t\t\t\t\t<div class=\"elementor-element elementor-element-16c10168 elementor-widget elementor-widget-image\" data-id=\"16c10168\" data-element_type=\"widget\" data-widget_type=\"image.default\">\n\t\t\t\t<div class=\"elementor-widget-container\">\n\t\t\t\t\t\t\t\t\t\t\t\t\t\t\t<img loading=\"lazy\" decoding=\"async\" width=\"700\" height=\"933\" src=\"https:\/\/advanis.net\/wp-content\/uploads\/2022\/11\/who_are_we_mtl_fg.png\" class=\"attachment-large size-large wp-image-2253\" alt=\"\" srcset=\"https:\/\/advanis.net\/wp-content\/uploads\/2022\/11\/who_are_we_mtl_fg.png 700w, https:\/\/advanis.net\/wp-content\/uploads\/2022\/11\/who_are_we_mtl_fg-225x300.png 225w\" sizes=\"(max-width: 700px) 100vw, 700px\" title=\"\">\t\t\t\t\t\t\t\t\t\t\t\t\t\t\t<\/div>\n\t\t\t\t<\/div>\n\t\t\t\t\t<\/div>\n\t\t<\/div>\n\t\t\t\t\t<\/div>\n\t\t<\/section>\n\t\t\t\t<section class=\"elementor-section elementor-top-section elementor-element elementor-element-7f4924a4 elementor-section-boxed elementor-section-height-default elementor-section-height-default\" data-id=\"7f4924a4\" data-element_type=\"section\">\n\t\t\t\t\t\t<div class=\"elementor-container elementor-column-gap-default\">\n\t\t\t\t\t<div class=\"elementor-column elementor-col-100 elementor-top-column elementor-element elementor-element-61873a78\" data-id=\"61873a78\" data-element_type=\"column\">\n\t\t\t<div class=\"elementor-widget-wrap elementor-element-populated\">\n\t\t\t\t\t\t<div class=\"elementor-element elementor-element-73c8e4ba elementor-widget elementor-widget-text-editor\" data-id=\"73c8e4ba\" data-element_type=\"widget\" data-widget_type=\"text-editor.default\">\n\t\t\t\t<div class=\"elementor-widget-container\">\n\t\t\t\t\t\t\t\t\t<p><\/p>\n<p>La recherche qualitative est aussi un bon compl\u00e9ment aux m\u00e9thodes quantitatives et ce autant en amont qu\u2019en aval, selon les besoins du mandat de recherche. Notre \u00e9quipe est compos\u00e9e de mod\u00e9rateurs qualifi\u00e9s. De plus, Advanis poss\u00e8de les installations requises \u00e0 son bureau de Montr\u00e9al afin de r\u00e9aliser des groupes de discussion.<\/p>\n\t\t\t\t\t\t\t\t<\/div>\n\t\t\t\t<\/div>\n\t\t\t\t\t<\/div>\n\t\t<\/div>\n\t\t\t\t\t<\/div>\n\t\t<\/section>\n\t\t\t\t<section class=\"elementor-section elementor-top-section elementor-element elementor-element-239cc2f8 elementor-section-content-middle elementor-section-boxed elementor-section-height-default elementor-section-height-default\" data-id=\"239cc2f8\" data-element_type=\"section\">\n\t\t\t\t\t\t<div class=\"elementor-container elementor-column-gap-no\">\n\t\t\t\t\t<div class=\"elementor-column elementor-col-100 elementor-top-column elementor-element elementor-element-7c0523d5\" data-id=\"7c0523d5\" data-element_type=\"column\">\n\t\t\t<div class=\"elementor-widget-wrap elementor-element-populated\">\n\t\t\t\t\t\t<div class=\"elementor-element elementor-element-43c19fa4 elementor-widget elementor-widget-heading\" data-id=\"43c19fa4\" data-element_type=\"widget\" data-widget_type=\"heading.default\">\n\t\t\t\t<div class=\"elementor-widget-container\">\n\t\t\t\t\t<h4 class=\"elementor-heading-title elementor-size-default\">Envoyer un courriel<\/h4>\t\t\t\t<\/div>\n\t\t\t\t<\/div>\n\t\t\t\t<div class=\"elementor-element elementor-element-7f77504d elementor-widget elementor-widget-text-editor\" data-id=\"7f77504d\" data-element_type=\"widget\" data-widget_type=\"text-editor.default\">\n\t\t\t\t<div class=\"elementor-widget-container\">\n\t\t\t\t\t\t\t\t\t<p>Contacter Nicolas pour savoir comment Advanis aide les gouvernements et les organisations \u00e0 but non lucratif.<\/p>\n\t\t\t\t\t\t\t\t<\/div>\n\t\t\t\t<\/div>\n\t\t\t\t<section class=\"elementor-section elementor-inner-section elementor-element elementor-element-7fbadef0 elementor-section-content-middle elementor-section-boxed elementor-section-height-default elementor-section-height-default\" data-id=\"7fbadef0\" data-element_type=\"section\">\n\t\t\t\t\t\t<div class=\"elementor-container elementor-column-gap-no\">\n\t\t\t\t\t<div class=\"elementor-column elementor-col-100 elementor-inner-column elementor-element elementor-element-11837873\" data-id=\"11837873\" data-element_type=\"column\">\n\t\t\t<div class=\"elementor-widget-wrap elementor-element-populated\">\n\t\t\t\t\t\t<div class=\"elementor-element elementor-element-4afe4688 elementor-button-align-start elementor-widget elementor-widget-form\" data-id=\"4afe4688\" data-element_type=\"widget\" data-settings=\"{&quot;step_next_label&quot;:&quot;Next&quot;,&quot;step_previous_label&quot;:&quot;Previous&quot;,&quot;button_width&quot;:&quot;100&quot;,&quot;step_type&quot;:&quot;number_text&quot;,&quot;step_icon_shape&quot;:&quot;circle&quot;}\" data-widget_type=\"form.default\">\n\t\t\t\t<div class=\"elementor-widget-container\">\n\t\t\t\t\t\t\t<form class=\"elementor-form\" method=\"post\" name=\"New Form\" aria-label=\"New Form\">\n\t\t\t<input type=\"hidden\" name=\"post_id\" value=\"2357\"\/>\n\t\t\t<input type=\"hidden\" name=\"form_id\" value=\"4afe4688\"\/>\n\t\t\t<input type=\"hidden\" name=\"referer_title\" value=\"SERVICES - Advanis.net\" \/>\n\n\t\t\t\t\t\t\t<input type=\"hidden\" name=\"queried_id\" value=\"2357\"\/>\n\t\t\t\n\t\t\t<div class=\"elementor-form-fields-wrapper elementor-labels-\">\n\t\t\t\t\t\t\t\t<div class=\"elementor-field-type-text elementor-field-group elementor-column elementor-field-group-name elementor-col-100\">\n\t\t\t\t\t\t\t\t\t\t\t\t<label for=\"form-field-name\" class=\"elementor-field-label elementor-screen-only\">\n\t\t\t\t\t\t\t\tNom\t\t\t\t\t\t\t<\/label>\n\t\t\t\t\t\t\t\t\t\t\t\t\t\t<input size=\"1\" type=\"text\" name=\"form_fields[name]\" id=\"form-field-name\" class=\"elementor-field elementor-size-sm  elementor-field-textual\" placeholder=\"Nom\">\n\t\t\t\t\t\t\t\t\t\t\t<\/div>\n\t\t\t\t\t\t\t\t<div class=\"elementor-field-type-email elementor-field-group elementor-column elementor-field-group-email elementor-col-100 elementor-field-required\">\n\t\t\t\t\t\t\t\t\t\t\t\t<label for=\"form-field-email\" class=\"elementor-field-label elementor-screen-only\">\n\t\t\t\t\t\t\t\tEmail\t\t\t\t\t\t\t<\/label>\n\t\t\t\t\t\t\t\t\t\t\t\t\t\t<input size=\"1\" type=\"email\" name=\"form_fields[email]\" id=\"form-field-email\" class=\"elementor-field elementor-size-sm  elementor-field-textual\" placeholder=\"Email\" required=\"required\">\n\t\t\t\t\t\t\t\t\t\t\t<\/div>\n\t\t\t\t\t\t\t\t<div class=\"elementor-field-type-textarea elementor-field-group elementor-column elementor-field-group-message elementor-col-100\">\n\t\t\t\t\t\t\t\t\t\t\t\t<label for=\"form-field-message\" class=\"elementor-field-label elementor-screen-only\">\n\t\t\t\t\t\t\t\tMessage\t\t\t\t\t\t\t<\/label>\n\t\t\t\t\t\t<textarea class=\"elementor-field-textual elementor-field  elementor-size-sm\" name=\"form_fields[message]\" id=\"form-field-message\" rows=\"4\" placeholder=\"Message\"><\/textarea>\t\t\t\t<\/div>\n\t\t\t\t\t\t\t\t<div class=\"elementor-field-group elementor-column elementor-field-type-submit elementor-col-100 e-form__buttons\">\n\t\t\t\t\t<button class=\"elementor-button elementor-size-sm elementor-animation-grow\" type=\"submit\">\n\t\t\t\t\t\t<span class=\"elementor-button-content-wrapper\">\n\t\t\t\t\t\t\t\t\t\t\t\t\t\t\t\t\t\t\t\t\t\t<span class=\"elementor-button-text\">Envoyer un message<\/span>\n\t\t\t\t\t\t\t\t\t\t\t\t\t<\/span>\n\t\t\t\t\t<\/button>\n\t\t\t\t<\/div>\n\t\t\t<\/div>\n\t\t<\/form>\n\t\t\t\t\t\t<\/div>\n\t\t\t\t<\/div>\n\t\t\t\t\t<\/div>\n\t\t<\/div>\n\t\t\t\t\t<\/div>\n\t\t<\/section>\n\t\t\t\t\t<\/div>\n\t\t<\/div>\n\t\t\t\t\t<\/div>\n\t\t<\/section>\n\t\t\t\t<\/div>\n\t\t","protected":false},"excerpt":{"rendered":"<p>Services. Advanis offre une gamme compl\u00e8te de services en recherche sociale et en recherche de march\u00e9 ou sur les consommateurs. \u00c0 titre de consultant, nous aidons nos clients \u00e0 prendre des d\u00e9cisions \u00e9clair\u00e9es et ce, \u00e0 diff\u00e9rents stages de leur projet. Dans le cadre des mandats qui nous sont confi\u00e9s, nous pouvons contribuer \u00e0 identifier [&hellip;]<\/p>\n","protected":false},"author":4,"featured_media":0,"parent":0,"menu_order":0,"comment_status":"closed","ping_status":"closed","template":"elementor_header_footer","meta":{"_acf_changed":false,"footnotes":""},"class_list":["post-2357","page","type-page","status-publish","hentry"],"acf":[],"_links":{"self":[{"href":"https:\/\/advanis.net\/fr\/wp-json\/wp\/v2\/pages\/2357","targetHints":{"allow":["GET"]}}],"collection":[{"href":"https:\/\/advanis.net\/fr\/wp-json\/wp\/v2\/pages"}],"about":[{"href":"https:\/\/advanis.net\/fr\/wp-json\/wp\/v2\/types\/page"}],"author":[{"embeddable":true,"href":"https:\/\/advanis.net\/fr\/wp-json\/wp\/v2\/users\/4"}],"replies":[{"embeddable":true,"href":"https:\/\/advanis.net\/fr\/wp-json\/wp\/v2\/comments?post=2357"}],"version-history":[{"count":20,"href":"https:\/\/advanis.net\/fr\/wp-json\/wp\/v2\/pages\/2357\/revisions"}],"predecessor-version":[{"id":3068,"href":"https:\/\/advanis.net\/fr\/wp-json\/wp\/v2\/pages\/2357\/revisions\/3068"}],"wp:attachment":[{"href":"https:\/\/advanis.net\/fr\/wp-json\/wp\/v2\/media?parent=2357"}],"curies":[{"name":"wp","href":"https:\/\/api.w.org\/{rel}","templated":true}]}}